{"id":984,"date":"2018-07-02T21:24:50","date_gmt":"2018-07-03T00:24:50","guid":{"rendered":"https:\/\/ispm-sfe.infd.edu.ar\/sitio\/docentes\/"},"modified":"2018-07-17T12:48:24","modified_gmt":"2018-07-17T15:48:24","slug":"docentes","status":"publish","type":"page","link":"https:\/\/ispm-sfe.infd.edu.ar\/sitio\/docentes\/","title":{"rendered":"Docentes"},"content":{"rendered":"<div>\n<p class=\"Texto_verdana\" style=\"text-align: center;\">Si encuentra alg\u00fan error u omisi\u00f3n en esta p\u00e1gina, por favor, h\u00e1galo saber al <a href=\"index.cgi?wid_form=4&amp;wid_seccion=1&amp;wid_item=24&amp;wid_grupo_news=\">webmaster<\/a>.<\/p>\n<table style=\"width: 100%;\" border=\"1\" cellspacing=\"0\" cellpadding=\"0\">\n<tbody>\n<tr style=\"background-color: #6699ff;\">\n<td width=\"226\">\n<p style=\"text-align: center;\"><strong>Docente<\/strong><\/p>\n<\/td>\n<td style=\"text-align: center;\" width=\"227\"><strong>Espacio Curricular (o Materia)<\/strong><\/td>\n<\/tr>\n<tr>\n<td width=\"226\">\n<p style=\"text-align: center;\"><strong>Abecasis, Silvana<\/strong><\/p>\n<\/td>\n<td style=\"text-align: center;\" width=\"227\">Instrumento Complementario: Piano<\/td>\n<\/tr>\n<tr>\n<td style=\"text-align: center;\" width=\"226\"><strong>\u00c1lvarez, Nora<\/strong><\/td>\n<td width=\"227\">\n<p style=\"text-align: center;\">Instrumento Individual: Piano<\/p>\n<\/td>\n<\/tr>\n<tr>\n<td style=\"text-align: center;\" width=\"226\"><strong>Barber, Cecilia<\/strong><\/td>\n<td style=\"text-align: center;\" width=\"227\">Instrumento Complementario:Piano\/Instrumento Individual Piano \/Pianista Acompa\u00f1ante<\/td>\n<\/tr>\n<tr>\n<td style=\"text-align: center;\" width=\"226\"><strong>Bancescu, Ma. Fernanda<\/strong><\/td>\n<td style=\"text-align: center;\" width=\"227\">EDI: M\u00fasica folkl\u00f3rica argentina<\/td>\n<\/tr>\n<tr>\n<td style=\"text-align: center;\" width=\"226\"><strong>Bar\u00f3, Cecilia<\/strong><\/td>\n<td style=\"text-align: center;\" width=\"227\">Instrumento Individual: Flauta Dulce \/ Flauta Traversa Barroca \/M\u00fasica de C\u00e1mara<\/td>\n<\/tr>\n<tr>\n<td style=\"text-align: center;\" width=\"226\"><strong>Gayol, Ma. Luisa<\/strong><\/p>\n<p><strong>Zanetti, Marcos<\/strong><\/td>\n<td style=\"text-align: center;\" width=\"227\">Laboratorio de la voz I-II: Canto individual<\/td>\n<\/tr>\n<tr>\n<td style=\"text-align: center;\" width=\"226\"><strong>Rebacante, Mar\u00eda<\/strong><\/td>\n<td style=\"text-align: center;\" width=\"227\">Taller de Pl\u00e1stica<\/td>\n<\/tr>\n<tr>\n<td style=\"text-align: center;\" width=\"226\"><strong>Bustos, Ma. Ang\u00e9lica<\/strong><\/td>\n<td style=\"text-align: center;\" width=\"227\">Taller de lecto-escritura Musical \/Direcci\u00f3n Coral e Instrumental: Coral<\/td>\n<\/tr>\n<tr>\n<td style=\"text-align: center;\" width=\"226\">\u00a0\u00a0<strong>Cabo, Carina<\/strong><\/p>\n<p><strong>Capelli, Gabriela<\/strong><\/td>\n<td style=\"text-align: center;\" width=\"227\">Teor\u00eda del Curriculum y Did\u00e1ctica<\/td>\n<\/tr>\n<tr>\n<td style=\"text-align: center;\" width=\"226\"><strong>Cerana, Guillermo<\/strong><\/td>\n<td style=\"text-align: center;\" width=\"227\">Filosof\u00eda y \u00c9tica<\/td>\n<\/tr>\n<tr>\n<td style=\"text-align: center;\" width=\"226\"><strong>Cristi\u00e1, Cintia<\/strong><\/p>\n<p><strong>Horst, Jorge<\/strong><\/td>\n<td style=\"text-align: center;\" width=\"227\">Historia social de la m\u00fasica y el arte II<\/td>\n<\/tr>\n<tr>\n<td style=\"text-align: center;\" width=\"226\"><strong>Crespo, Alfredo<\/strong><\/td>\n<td style=\"text-align: center;\" width=\"227\">Historia Social de la M\u00fasica \u00a0Argentina \/ Instrumento Individaul: Saxo \/ Clarinete<\/td>\n<\/tr>\n<tr>\n<td style=\"text-align: center;\" width=\"226\"><strong>\u00a0Alberini, Hugo<\/strong><\/p>\n<p><strong>Fuks, Pablo<\/strong><\/td>\n<td style=\"text-align: center;\" width=\"227\">Instrumento Individual \/instrumento complementario: guitarra<\/td>\n<\/tr>\n<tr>\n<td style=\"text-align: center;\" width=\"226\"><strong>Di Mauro, Ver\u00f3nic<\/strong>a<\/td>\n<td style=\"text-align: center;\" width=\"227\">Psicolog\u00eda y cultura del alumno I<\/td>\n<\/tr>\n<tr>\n<td style=\"text-align: center;\" width=\"226\"><strong>Dur\u00e1, Marita<\/strong><\/td>\n<td style=\"text-align: center;\" width=\"227\">Direcci\u00f3n Coral e Instrumental: Instrumental \/Laboratorio de la voz: Canto Coral I &#8211; II<\/td>\n<\/tr>\n<tr>\n<td style=\"text-align: center;\" width=\"226\"><strong>Eezckui, Alejandra<\/strong><\/td>\n<td style=\"text-align: center;\" width=\"227\">Laboratorio de la voz: Foniatr\u00eda<\/td>\n<\/tr>\n<tr>\n<td style=\"text-align: center;\" width=\"226\"><strong>Eymann, Sylvia<\/strong><\/td>\n<td style=\"text-align: center;\" width=\"227\">Did\u00e1ctica Espec\u00edfica de la m\u00fasica I &#8211; II \/\u00a0Pedagog\u00eda<\/td>\n<\/tr>\n<tr>\n<td style=\"text-align: center;\" width=\"226\"><strong>Falicoff, Berta<\/strong><\/p>\n<p><strong>\u00a0<\/strong><\/td>\n<td style=\"text-align: center;\" width=\"227\">Pol\u00edtica e historia educativa \/\u00a0Organizaci\u00f3n y gesti\u00f3n institucional \/\u00a0Cultura y Est\u00e9tica<\/td>\n<\/tr>\n<tr>\n<td style=\"text-align: center;\" width=\"226\"><strong>Ferrer, Jos\u00e9 A.<\/strong><\/td>\n<td style=\"text-align: center;\" width=\"227\">Instrumento Individual: Guitarra<\/td>\n<\/tr>\n<tr>\n<td style=\"text-align: center;\" width=\"226\">\u00a0<strong>Derenzi, Mar\u00eda Elena<\/strong><\/td>\n<td style=\"text-align: center;\" width=\"227\">Instrumento Individual: Violoncello<\/td>\n<\/tr>\n<tr>\n<td style=\"text-align: center;\" width=\"226\"><strong>Llu\u00e1n, Claudio<\/strong><\/td>\n<td style=\"text-align: center;\" width=\"227\">E.C.O. Tadmer \/Historia social de la M\u00fasica<\/td>\n<\/tr>\n<tr>\n<td style=\"text-align: center;\" width=\"226\"><strong>Sottile Antonieta<\/strong><\/p>\n<p><strong>\u00a0<\/strong><\/td>\n<td style=\"text-align: center;\" width=\"227\">Taller de Armon\u00eda y elementos de an\u00e1lisis y composici\u00f3n I &#8211; II<\/td>\n<\/tr>\n<tr>\n<td style=\"text-align: center;\" width=\"226\"><strong>Laura, Lisandro<\/strong><\/td>\n<td style=\"text-align: center;\" width=\"227\">Proyecto de animaci\u00f3n cultural comunitario \/ Instrumento Individual: Flauta Traversa<\/td>\n<\/tr>\n<tr>\n<td style=\"text-align: center;\" width=\"226\"><strong>L\u00f3pez, Alberto<\/strong><\/p>\n<p><strong>Capelli, Gabriela<\/strong><\/td>\n<td style=\"text-align: center;\" width=\"227\">Psicolog\u00eda Educativa<\/td>\n<\/tr>\n<tr>\n<td style=\"text-align: center;\" width=\"226\"><strong>Marchesini, Rodolfo<\/strong><\/td>\n<td style=\"text-align: center;\" width=\"227\">Instrumento Individual: Viol\u00edn<\/td>\n<\/tr>\n<tr>\n<td style=\"text-align: center;\" width=\"226\"><strong>Panizza, Alexander<\/strong><\/td>\n<td style=\"text-align: center;\" width=\"227\">Instrumento Individual:Piano<\/td>\n<\/tr>\n<tr>\n<td style=\"text-align: center;\" width=\"226\"><strong>Peralta, Ricardo<\/strong><\/td>\n<td style=\"text-align: center;\" width=\"227\">Instrumento Individual: Guitarra \/ M\u00fasica de C\u00e1mara<\/td>\n<\/tr>\n<tr>\n<td style=\"text-align: center;\" width=\"226\"><strong>Piantino, Eduardo<\/strong><\/td>\n<td style=\"text-align: center;\" width=\"227\">Problem\u00e1tica del mundo contempor\u00e1neo<\/td>\n<\/tr>\n<tr>\n<td style=\"text-align: center;\" width=\"226\"><strong>Rodr\u00edguez, Pablo Andr\u00e9s<\/strong><\/td>\n<td style=\"text-align: center;\" width=\"227\">Taller de lectoescritura<\/td>\n<\/tr>\n<tr>\n<td style=\"text-align: center;\" width=\"226\"><strong><a href=\"http:\/\/www.victorrodriguez.com.ar\/\">Rodr\u00edguez, V\u00edcto<\/a><\/strong><strong><a href=\"http:\/\/www.victorrodriguez.com.ar\/\">r<\/a><\/strong><\/td>\n<td style=\"text-align: center;\" width=\"227\">Instrumento individual: Guitarra<\/td>\n<\/tr>\n<tr>\n<td style=\"text-align: center;\" width=\"226\"><strong>Ruiz D\u00edaz, Pablo<\/strong><\/td>\n<td style=\"text-align: center;\" width=\"227\">Taller de Expresi\u00f3n Corporal<\/td>\n<\/tr>\n<tr>\n<td style=\"text-align: center;\" width=\"226\"><strong>Veronessi, Victoria<\/strong><\/td>\n<td style=\"text-align: center;\" width=\"227\">Pedagog\u00eda\/Pol\u00edtica e Historia Educativa Argentina\/Organizaci\u00f3n y Gesti\u00f3n<\/td>\n<\/tr>\n<tr>\n<td style=\"text-align: center;\" width=\"226\">&nbsp;<\/p>\n<p><strong>Vives,\u00a0Liliana<\/strong><\/p>\n<p><strong>Shapiro, Alicia<\/strong><\/p>\n<p><strong>Dur\u00e1, Mar\u00eda Teresa<\/strong><\/p>\n<p>&nbsp;<\/td>\n<td style=\"text-align: center;\" width=\"227\">Trayecto de Pr\u00e1ctica II, III y IV: Residencia<\/td>\n<\/tr>\n<tr>\n<td style=\"text-align: center;\" width=\"226\"><strong>Solomonoff, Natalia<\/strong><\/p>\n<p><strong>\u00a0<\/strong><\/td>\n<td style=\"text-align: center;\" width=\"227\">EDI: Laboratorio de Experimentaci\u00f3n Musical \/\u00a0Taller y t\u00e9cnica de r\u00edtmica musical en los lenguajes contempor\u00e1neos \/\u00a0Seminario de an\u00e1lisis e investigaci\u00f3n comunicacional \/\u00a0Historia de la M\u00fasica I<\/td>\n<\/tr>\n<tr>\n<td style=\"text-align: center;\" width=\"226\"><strong>Steiger, Mar\u00eda Susana<\/strong><\/td>\n<td style=\"text-align: center;\" width=\"227\">Taller de Armon\u00eda y elementos de an\u00e1lisis y composici\u00f3n I &#8211; II<\/td>\n<\/tr>\n<tr>\n<td style=\"text-align: center;\" width=\"226\">\u00a0<strong>Martinelli, Ada\u00a0<\/strong><\/td>\n<td style=\"text-align: center;\" width=\"227\">Taller de Docencia I<\/td>\n<\/tr>\n<tr>\n<td style=\"text-align: center;\" width=\"226\"><strong>Veccioli, Mariela<\/strong><\/td>\n<td style=\"text-align: center;\" width=\"227\">Instrumento Individual: Piano \/ AYCT Pianista Acompa\u00f1ante<\/td>\n<\/tr>\n<tr>\n<td style=\"text-align: center;\" width=\"226\"><strong>Asato, Mariano<\/strong><\/td>\n<td style=\"text-align: center;\" width=\"227\">Instrumento individual:Bandone\u00f3n<\/td>\n<\/tr>\n<tr>\n<td style=\"text-align: center;\" width=\"226\"><strong>Cort\u00e9s, Cristi\u00e1n<\/strong><\/td>\n<td style=\"text-align: center;\" width=\"227\">Preparador de la cuerdas del Ensamble de Tango<\/td>\n<\/tr>\n<tr>\n<td style=\"text-align: center;\" width=\"226\"><strong>Seminara, Carlo<\/strong><\/td>\n<td style=\"text-align: center;\" width=\"227\">Instrumento Individual: Percusi\u00f3n<\/td>\n<\/tr>\n<tr>\n<td style=\"text-align: center;\" width=\"226\"><strong>Ch\u00e1, Denise<\/strong><\/td>\n<td style=\"text-align: center;\" width=\"227\">Did\u00e1ctica Espec\u00edfica de la M\u00fasica I<\/td>\n<\/tr>\n<tr>\n<td style=\"text-align: center;\" width=\"226\"><strong>Pinazo, Cecilia<\/strong><\/td>\n<td style=\"text-align: center;\" width=\"227\">Canto Coral\/ Direcci\u00f3n Coral\/Coro del ISPM<\/td>\n<\/tr>\n<tr>\n<td style=\"text-align: center;\" width=\"226\"><strong>Devigili, Claudio<\/strong><\/td>\n<td style=\"text-align: center;\" width=\"227\">Instrumento Complementario: Guitarra<\/td>\n<\/tr>\n<tr>\n<td style=\"text-align: center;\" width=\"226\"><strong>Gazze, Virginia<\/strong><\/td>\n<td style=\"text-align: center;\" width=\"227\">\n<p style=\"text-align: center;\">Cultura y Est\u00e9tica<\/p>\n<\/td>\n<\/tr>\n<\/tbody>\n<\/table>\n<p>&nbsp;<\/p>\n<p>&nbsp;<\/p>\n<p>&nbsp;<\/p>\n<\/div>\n","protected":false},"excerpt":{"rendered":"<p>Si encuentra alg\u00fan error u omisi\u00f3n en esta p\u00e1gina, por favor, h\u00e1galo saber al webmaster. Docente Espacio Curricular (o Materia) Abecasis, Silvana Instrumento Complementario: Piano \u00c1lvarez, Nora Instrumento Individual: Piano Barber, Cecilia Instrumento Complementario:Piano\/Instrumento Individual Piano \/Pianista Acompa\u00f1ante Bancescu, Ma. Fernanda EDI: M\u00fasica folkl\u00f3rica argentina Bar\u00f3, Cecilia Instrumento Individual: Flauta Dulce \/ Flauta Traversa Barroca &#8230; <a title=\"Docentes\" class=\"read-more\" href=\"https:\/\/ispm-sfe.infd.edu.ar\/sitio\/docentes\/\" aria-label=\"More on Docentes\">[+]<\/a><\/p>\n","protected":false},"author":729,"featured_media":0,"parent":0,"menu_order":0,"comment_status":"closed","ping_status":"closed","template":"","meta":[],"acf":[],"_links":{"self":[{"href":"https:\/\/ispm-sfe.infd.edu.ar\/sitio\/wp-json\/wp\/v2\/pages\/984"}],"collection":[{"href":"https:\/\/ispm-sfe.infd.edu.ar\/sitio\/wp-json\/wp\/v2\/pages"}],"about":[{"href":"https:\/\/ispm-sfe.infd.edu.ar\/sitio\/wp-json\/wp\/v2\/types\/page"}],"author":[{"embeddable":true,"href":"https:\/\/ispm-sfe.infd.edu.ar\/sitio\/wp-json\/wp\/v2\/users\/729"}],"replies":[{"embeddable":true,"href":"https:\/\/ispm-sfe.infd.edu.ar\/sitio\/wp-json\/wp\/v2\/comments?post=984"}],"version-history":[{"count":1,"href":"https:\/\/ispm-sfe.infd.edu.ar\/sitio\/wp-json\/wp\/v2\/pages\/984\/revisions"}],"predecessor-version":[{"id":1074,"href":"https:\/\/ispm-sfe.infd.edu.ar\/sitio\/wp-json\/wp\/v2\/pages\/984\/revisions\/1074"}],"wp:attachment":[{"href":"https:\/\/ispm-sfe.infd.edu.ar\/sitio\/wp-json\/wp\/v2\/media?parent=984"}],"curies":[{"name":"wp","href":"https:\/\/api.w.org\/{rel}","templated":true}]}}