{"id":982,"date":"2018-07-02T21:24:49","date_gmt":"2018-07-03T00:24:49","guid":{"rendered":"https:\/\/ispm-sfe.infd.edu.ar\/sitio\/datos-institucionales\/"},"modified":"2024-07-27T13:52:30","modified_gmt":"2024-07-27T16:52:30","slug":"datos-institucionales","status":"publish","type":"page","link":"https:\/\/ispm-sfe.infd.edu.ar\/sitio\/datos-institucionales\/","title":{"rendered":"Datos institucionales"},"content":{"rendered":"\n<h2 class=\"wp-block-heading has-medium-font-size\"><span style=\"font-family: verdana,geneva; font-size: small;\">I<span style=\"font-size: small;\">nstituto Superior del Profesorado de M\u00fasica N\u00ba 5932\u00a0<em>Carlos Guastavino<\/em><\/span><\/span><\/h2>\n\n\n\n<ul>\n<li class=\"has-medium-font-size\"><span style=\"font-family: verdana,geneva; font-size: small;\">Horario: Lunes a viernes de 8 a 23hs.&nbsp;<\/span><\/li>\n\n\n\n<li class=\"has-medium-font-size\"><span style=\"font-family: verdana,geneva; font-size: small;\">Direcci\u00f3n: Santa Fe 1154 C.P.2000 Rosario &#8211; Santa Fe.<br>Santa Fe 1429 <span style=\"font-family: verdana,geneva; font-size: small;\">C.P.2000 Rosario &#8211; Santa Fe<\/span> (<strong>Anexo <\/strong>&#8211; atenci\u00f3n administrativa)<\/span>.<\/li>\n\n\n\n<li class=\"has-medium-font-size\"><span style=\"font-family: verdana,geneva; font-size: small;\">Tel\u00e9fono: +54-341-<strong>8408456<\/strong> (<strong>Nueva l\u00ednea FIJA<\/strong> a partir del 25\/07\/2024 &#8211; <strong>Utilizar este n\u00famero exclusivamente<\/strong> &#8211; recomendamos <strong>realizar consultas a trav\u00e9s de nuestras redes sociales y formulario de contacto<\/strong>. Estudiantes y docentes <strong>deben<\/strong> contactarnos desde la mensajer\u00eda interna del Campus del Guastavino y utilizar la atenci\u00f3n telef\u00f3nica solo en casos excepcionales). Para consultas referidas al <strong>ingreso e inscripci\u00f3n<\/strong> por favor <strong>utilizar las redes sociales<\/strong> o el formulario de contacto.<br>+54-341-4721408 (<strong>ATENCI\u00d3N<\/strong>:moment\u00e1neamente este n\u00famero no est\u00e1 funcionando por razones ajenas a la instituci\u00f3n)<br>+54-341-4243457 (ATENCI\u00d3N: Esta l\u00ednea fue dada de baja y <strong>no pertenece a la instituci\u00f3n desde el 27\/07\/2024<\/strong>)<\/span><\/li>\n\n\n\n<li class=\"has-medium-font-size\"><span style=\"font-family: verdana,geneva; font-size: small;\">E-mail: info@ispmguastavino.edu.ar<\/span><\/li>\n\n\n\n<li class=\"has-medium-font-size\"><span style=\"font-family: verdana,geneva; font-size: small;\">URL: www.ispmguastavino.edu.ar&nbsp;<\/span><\/li>\n\n\n\n<li class=\"has-medium-font-size\"><span style=\"font-family: verdana,geneva; font-size: small;\">https:\/\/www.facebook.com\/profesoradodemusica\/&nbsp;<\/span><\/li>\n\n\n\n<li class=\"has-medium-font-size\"><span style=\"font-family: verdana,geneva; font-size: small;\">https:\/\/www.instagram.com\/elguastavino\/<br><\/span><\/li>\n<\/ul>\n\n\n\n<div style=\"text-align: center;\"><iframe loading=\"lazy\" style=\"border: 0;\" src=\"https:\/\/www.google.com\/maps\/embed?pb=!1m18!1m12!1m3!1d6696.460643975686!2d-60.638625000000026!3d-32.94492799999995!2m3!1f0!2f0!3f0!3m2!1i1024!2i768!4f13.1!3m3!1m2!1s0x95b7ab1847fa612b%3A0x923c1b154a3eeadb!2sInstituto+Superior+del+Profesorado+de+M%C3%BAsica+5932+%22Carlos+Guastavino%22!5e0!3m2!1ses!2sar!4v1404152872753&amp;wmode=transparent\" width=\"600\" height=\"600\" frameborder=\"0\"><\/iframe><\/div>\n","protected":false},"excerpt":{"rendered":"<p>Instituto Superior del Profesorado de M\u00fasica N\u00ba 5932\u00a0Carlos Guastavino<\/p>\n","protected":false},"author":729,"featured_media":0,"parent":0,"menu_order":0,"comment_status":"closed","ping_status":"closed","template":"","meta":[],"acf":[],"_links":{"self":[{"href":"https:\/\/ispm-sfe.infd.edu.ar\/sitio\/wp-json\/wp\/v2\/pages\/982"}],"collection":[{"href":"https:\/\/ispm-sfe.infd.edu.ar\/sitio\/wp-json\/wp\/v2\/pages"}],"about":[{"href":"https:\/\/ispm-sfe.infd.edu.ar\/sitio\/wp-json\/wp\/v2\/types\/page"}],"author":[{"embeddable":true,"href":"https:\/\/ispm-sfe.infd.edu.ar\/sitio\/wp-json\/wp\/v2\/users\/729"}],"replies":[{"embeddable":true,"href":"https:\/\/ispm-sfe.infd.edu.ar\/sitio\/wp-json\/wp\/v2\/comments?post=982"}],"version-history":[{"count":19,"href":"https:\/\/ispm-sfe.infd.edu.ar\/sitio\/wp-json\/wp\/v2\/pages\/982\/revisions"}],"predecessor-version":[{"id":2824,"href":"https:\/\/ispm-sfe.infd.edu.ar\/sitio\/wp-json\/wp\/v2\/pages\/982\/revisions\/2824"}],"wp:attachment":[{"href":"https:\/\/ispm-sfe.infd.edu.ar\/sitio\/wp-json\/wp\/v2\/media?parent=982"}],"curies":[{"name":"wp","href":"https:\/\/api.w.org\/{rel}","templated":true}]}}