{"id":977,"date":"2018-07-02T21:24:48","date_gmt":"2018-07-03T00:24:48","guid":{"rendered":"https:\/\/ispm-sfe.infd.edu.ar\/sitio\/contacto-webmaster\/"},"modified":"2020-10-22T19:40:03","modified_gmt":"2020-10-22T22:40:03","slug":"contacto-webmaster","status":"publish","type":"page","link":"https:\/\/ispm-sfe.infd.edu.ar\/sitio\/contacto-webmaster\/","title":{"rendered":"Contacto Webmaster"},"content":{"rendered":"\n<div class=\"wpcf7 no-js\" id=\"wpcf7-f875-o1\" lang=\"es-ES\" dir=\"ltr\">\n<div class=\"screen-reader-response\"><p role=\"status\" aria-live=\"polite\" aria-atomic=\"true\"><\/p> <ul><\/ul><\/div>\n<form action=\"\/sitio\/wp-json\/wp\/v2\/pages\/977#wpcf7-f875-o1\" method=\"post\" class=\"wpcf7-form init\" aria-label=\"Formulario de contacto\" novalidate=\"novalidate\" data-status=\"init\">\n<div style=\"display: none;\">\n<input type=\"hidden\" name=\"_wpcf7\" value=\"875\" \/>\n<input type=\"hidden\" name=\"_wpcf7_version\" value=\"5.7.7\" \/>\n<input type=\"hidden\" name=\"_wpcf7_locale\" value=\"es_ES\" \/>\n<input type=\"hidden\" name=\"_wpcf7_unit_tag\" value=\"wpcf7-f875-o1\" \/>\n<input type=\"hidden\" name=\"_wpcf7_container_post\" value=\"0\" \/>\n<input type=\"hidden\" name=\"_wpcf7_posted_data_hash\" value=\"\" \/>\n<input type=\"hidden\" name=\"_wpcf7_recaptcha_response\" value=\"\" \/>\n<\/div>\n<p>Este espacio es para contactar al administrador de la p\u00e1gina web. Si desea consultar respecto a la instituci\u00f3n, la carrera o el ingreso a la misma, utilice el <a href=\"https:\/\/ispm-sfe.infd.edu.ar\/sitio\/contacto\/\"><b>formulario de contacto<\/b><\/a> y no este espacio.\n<\/p>\n<p><label><b>* Nombre<\/b><br \/>\n<span class=\"wpcf7-form-control-wrap\" data-name=\"your-nombre\"><input size=\"40\" class=\"wpcf7-form-control wpcf7-text wpcf7-validates-as-required\" aria-required=\"true\" aria-invalid=\"false\" value=\"\" type=\"text\" name=\"your-nombre\" \/><\/span><\/label>\n<\/p>\n<p><label><b>* Apellido<\/b><br \/>\n<span class=\"wpcf7-form-control-wrap\" data-name=\"your-apellido\"><input size=\"40\" class=\"wpcf7-form-control wpcf7-text wpcf7-validates-as-required\" aria-required=\"true\" aria-invalid=\"false\" value=\"\" type=\"text\" name=\"your-apellido\" \/><\/span><\/label>\n<\/p>\n<p><label><b>* E-mail<\/b><br \/>\n<span class=\"wpcf7-form-control-wrap\" data-name=\"your-e-mail\"><input size=\"40\" class=\"wpcf7-form-control wpcf7-text wpcf7-email wpcf7-validates-as-required wpcf7-validates-as-email\" aria-required=\"true\" aria-invalid=\"false\" value=\"\" type=\"email\" name=\"your-e-mail\" \/><\/span><\/label>\n<\/p>\n<p><label><b>* Asunto<\/b><br \/>\n<span class=\"wpcf7-form-control-wrap\" data-name=\"your-asunto\"><input size=\"40\" class=\"wpcf7-form-control wpcf7-text wpcf7-validates-as-required\" aria-required=\"true\" aria-invalid=\"false\" value=\"\" type=\"text\" name=\"your-asunto\" \/><\/span><\/label>\n<\/p>\n<p><label><b>* Descripci\u00f3n<\/b><br \/>\n<span class=\"wpcf7-form-control-wrap\" data-name=\"your-descripcion\"><textarea cols=\"40\" rows=\"10\" class=\"wpcf7-form-control wpcf7-textarea wpcf7-validates-as-required\" aria-required=\"true\" aria-invalid=\"false\" name=\"your-descripcion\"><\/textarea><\/span><\/label>\n<\/p>\n<p>(*) Los campos son obligatorios.\n<\/p>\n\n<p><input class=\"wpcf7-form-control has-spinner wpcf7-submit\" type=\"submit\" value=\"Enviar\" \/><br \/>\n1<br \/>\nContacto Webmaster - [your-nombre] [your-apellido]<br \/>\n[your-nombre] [your-apellido]<[your-e-mail]><br \/>\nwebmaster@ippm.com.ar<br \/>\nNombre: [your-nombre]<br \/>\nApellido: [your-apellido]<br \/>\nE-mail: [your-e-mail]<br \/>\nAsunto: [your-asunto]<br \/>\nDescripci\u00f3n: [your-descripcion]\n<\/p>\n<p>Gracias por tu mensaje. Ha sido enviado.<br \/>\nHubo un error intentando enviar tu mensaje. Por favor int\u00e9ntalo de nuevo m\u00e1s tarde.<br \/>\nUno o m\u00e1s campos tienen un error. Por favor revisa e int\u00e9ntalo de nuevo.<br \/>\nHubo un error intentando enviar tu mensaje. Por favor int\u00e9ntalo de nuevo m\u00e1s tarde.<br \/>\nDebes aceptar los t\u00e9rminos y condiciones antes de enviar tu mensaje.<br \/>\nEl campo es obligatorio.<br \/>\nEl campo es demasiado largo.<br \/>\nEl campo es demasiado corto.<br \/>\nEl formato de fecha es incorrecto.<br \/>\nLa fecha es anterior a la m\u00e1s temprana permitida.<br \/>\nLa fecha es posterior a la m\u00e1s tard\u00eda permitida.<br \/>\nHubo un error desconocido subiendo el archivo.<br \/>\nNo tienes permisos para subir archivos de este tipo.<br \/>\nEl archivo es demasiado grande.<br \/>\nSe ha producido un error subiendo la imagen<br \/>\nEl formato de n\u00famero no es v\u00e1lido.<br \/>\nEl n\u00famero es menor que el m\u00ednimo permitido.<br \/>\nEl n\u00famero es mayor que el m\u00e1ximo permitido.<br \/>\nLa respuesta al cuestionario no es correcta.<br \/>\nEl c\u00f3digo introducido es incorrecto.<br \/>\nLa direcci\u00f3n de correo electr\u00f3nico que has introducido no es v\u00e1lida.<br \/>\nLa URL no es v\u00e1lida.<br \/>\nEl n\u00famero de tel\u00e9fono no es v\u00e1lido.\n<\/p><p style=\"display: none !important;\"><label>&#916;<textarea name=\"_wpcf7_ak_hp_textarea\" cols=\"45\" rows=\"8\" maxlength=\"100\"><\/textarea><\/label><input type=\"hidden\" id=\"ak_js_1\" name=\"_wpcf7_ak_js\" value=\"156\"\/><script>document.getElementById( \"ak_js_1\" ).setAttribute( \"value\", ( new Date() ).getTime() );<\/script><\/p><div class=\"wpcf7-response-output\" aria-hidden=\"true\"><\/div>\n<\/form>\n<\/div>\n\n","protected":false},"excerpt":{"rendered":"","protected":false},"author":729,"featured_media":0,"parent":0,"menu_order":0,"comment_status":"closed","ping_status":"closed","template":"","meta":[],"acf":[],"_links":{"self":[{"href":"https:\/\/ispm-sfe.infd.edu.ar\/sitio\/wp-json\/wp\/v2\/pages\/977"}],"collection":[{"href":"https:\/\/ispm-sfe.infd.edu.ar\/sitio\/wp-json\/wp\/v2\/pages"}],"about":[{"href":"https:\/\/ispm-sfe.infd.edu.ar\/sitio\/wp-json\/wp\/v2\/types\/page"}],"author":[{"embeddable":true,"href":"https:\/\/ispm-sfe.infd.edu.ar\/sitio\/wp-json\/wp\/v2\/users\/729"}],"replies":[{"embeddable":true,"href":"https:\/\/ispm-sfe.infd.edu.ar\/sitio\/wp-json\/wp\/v2\/comments?post=977"}],"version-history":[{"count":1,"href":"https:\/\/ispm-sfe.infd.edu.ar\/sitio\/wp-json\/wp\/v2\/pages\/977\/revisions"}],"predecessor-version":[{"id":1560,"href":"https:\/\/ispm-sfe.infd.edu.ar\/sitio\/wp-json\/wp\/v2\/pages\/977\/revisions\/1560"}],"wp:attachment":[{"href":"https:\/\/ispm-sfe.infd.edu.ar\/sitio\/wp-json\/wp\/v2\/media?parent=977"}],"curies":[{"name":"wp","href":"https:\/\/api.w.org\/{rel}","templated":true}]}}