{"id":3712,"date":"2025-11-21T11:16:50","date_gmt":"2025-11-21T14:16:50","guid":{"rendered":"https:\/\/ispm-sfe.infd.edu.ar\/sitio\/?page_id=3712"},"modified":"2025-11-21T21:03:09","modified_gmt":"2025-11-22T00:03:09","slug":"formularios-preinscripcion-fapic-tango","status":"publish","type":"page","link":"https:\/\/ispm-sfe.infd.edu.ar\/sitio\/fapic-tango\/formularios-preinscripcion-fapic-tango\/","title":{"rendered":"Formularios Preinscripci\u00f3n FAPIC Tango"},"content":{"rendered":"\n<h4 class=\"wp-block-heading has-text-align-center has-text-color\" style=\"color:#eb1313\">Las preinscripciones para el CICLO 2026 inician el 22\/11\/2025<\/h4>\n\n\n\n<p>Antes de utilizar los formularios de preinscripci\u00f3n remarcamos que es necesario leer las orientaciones generales y el resto de los apartados que est\u00e1n en los enlaces al final de de esta p\u00e1gina<\/p>\n\n\n\n<p class=\"has-text-align-center\"><strong><mark style=\"background-color:rgba(0, 0, 0, 0)\" class=\"has-inline-color has-vivid-red-color\">ANTES<\/mark> de generar su ficha de pre-inscripci\u00f3n recomendamos agregar a su libreta de direcciones el siguiente correo electr\u00f3nico: noreply@ispmguastavino.edu.ar<br><mark style=\"background-color:rgba(0, 0, 0, 0)\" class=\"has-inline-color has-vivid-red-color\">NO ESCRIBA A ESA DIRECCI\u00d3N DE CORREO ELECTR\u00d3NICO <\/mark>&#8211; LOS MENSAJES QUE ENV\u00cdE NO SER\u00c1N ATENDIDOS<\/strong>.<\/p>\n\n\n\n<blockquote class=\"wp-block-quote\">\n<p><a href=\"https:\/\/docs.google.com\/forms\/d\/e\/1FAIpQLSepAHSXXw6hcsPqHLP7JZ2nAdpWtqqbpIK82Pog2HJN3vgW0Q\/viewform?usp=dialog\">Formulario 1 &#8211; <strong>Generador<\/strong> Ficha Preinscripci\u00f3n FAPIC Tango (M\u00fasica)<\/a> (&lt;&lt;&lt; enlace sobre el texto anterior)<\/p>\n<cite>Genera la ficha de preinscripci\u00f3n con los datos ingresados y la env\u00eda como PDF adjunto al correo electr\u00f3nico. Puede generar tantas fichas de preinscripci\u00f3n como le sea necesario para que los datos asentados en ella sean los correctos.<\/cite><\/blockquote>\n\n\n\n<blockquote class=\"wp-block-quote\">\n<p><a href=\"https:\/\/docs.google.com\/forms\/d\/e\/1FAIpQLSe2KXtxqJFY9s0aVBYZWOzQPMFmJ4_W06xGCweynq4Fgq6AqQ\/viewform?usp=dialog\">Formulario 2  &#8211; <strong>Validaci\u00f3n<\/strong> Ficha Preinscripci\u00f3n FAPIC Tango (M\u00fasica)<\/a> (&lt;&lt;&lt; enlace sobre texto anterior)<\/p>\n<cite>Necesita el c\u00f3digo de inscripci\u00f3n que est\u00e1 en la ficha de preinscripci\u00f3n generada por el formulario 1. EL C\u00d3DIGO DE PREINSCRIPCI\u00d3N EST\u00c1 EN LA PRIMERA P\u00c1GINA DE LA FICHA DE PREINSCRIPCI\u00d3N, en el centro, a la derecha, resaltado en color naranja claro. El c\u00f3digo de preinscripci\u00f3n es \u00fanico para cada ficha generada. Utilice el c\u00f3digo correcto.<br>Completar este formulario habilita el acceso al espacio de entrega de documentaci\u00f3n virtual (s\u00f3lo se acepta la entrega por este espacio espec\u00edfico en esta primera etapa).<br>S\u00d3LO PODR\u00c1 ENVIAR ESTE FORMULARIO <strong>UNA SOLA VEZ<\/strong><br><strong>No intente completar m\u00e1s de una vez este formulario o busque alternativas para hacerlo. En caso de necesitarlo, cont\u00e1ctenos para que podamos revisar la situaci\u00f3n.<\/strong><br>Si no presenta la documentaci\u00f3n de manera virtual NO SE HABR\u00c1 Pre-INSCRIPTO<\/cite><\/blockquote>\n\n\n\n<p>Recuerde que completar los formularios NO IMPLICA HABER REALIZADO LA PREINSCRIPCI\u00d3N.  Verifique los pasos a seguir.<\/p>\n\n\n\n<p>Cuando termine el proceso de<strong> pre inscripci\u00f3n<\/strong> <em>(Formulario 1 + Formulario 2 + Entrega de documentaci\u00f3n virtual)<\/em>, procesaremos la solicitud y recibir\u00e1 en su correo un usuario y contrase\u00f1a para el ingreso a nuestro Campus virtual (esto \u00faltimo se realizar\u00e1 a partir de mediados de diciembre) . En ese espacio recibir\u00e1 informaci\u00f3n importante referida a la audici\u00f3n de ingreso.&nbsp;A partir de ese momento, toda comunicaci\u00f3n con la instituci\u00f3n deber\u00e1 realizarse a trav\u00e9s de la mensajer\u00eda interna del<strong> aula de aspirantes al ciclo 2026 de la FAPIC en Tango (m\u00fasica)<\/strong> del <strong>Campus Virtual<\/strong> del Guastavino.<\/p>\n\n\n\n<p>Una vez culminada la audici\u00f3n de ingreso, se solicitar\u00e1 la <strong>entrega f\u00edsica de la documentaci\u00f3n <\/strong>presentada de manera virtual. En caso que no la presente en la fecha indicada, NO SE HABR\u00c1 INSCRIPTO, perdiendo todo derecho a reclamo.<\/p>\n\n\n\n<div class=\"wp-block-buttons is-layout-flex\">\n<div class=\"wp-block-button\"><a class=\"wp-block-button__link wp-element-button\" href=\"https:\/\/ispm-sfe.infd.edu.ar\/sitio\/fapic-tango\/\">Volver P\u00e1gina Principal Ingreso FAPIC Tango<\/a><\/div>\n<\/div>\n\n\n\n<ul>\n<li><strong><a href=\"https:\/\/ispm-sfe.infd.edu.ar\/sitio\/fapic-tango\/fapic-tango-musica-documentacion-ingreso\/\" data-type=\"page\" data-id=\"3265\">Documentaci\u00f3n necesaria para preinscripci\u00f3n<\/a><\/strong><\/li>\n\n\n\n<li><strong><a href=\"https:\/\/ispm-sfe.infd.edu.ar\/sitio\/fapic-tango\/fapic-tango-solicitud-preinscripcion\/\" data-type=\"page\">Realizar Preinscripci\u00f3n FAPIC Tango (M\u00fasica)<\/a><\/strong><\/li>\n\n\n\n<li><strong><a href=\"https:\/\/ispm-sfe.infd.edu.ar\/sitio\/fapic-tango\/fapic-tango-musica-ingreso-instrumento-lenguaje-musical\/\" data-type=\"page\" data-id=\"2756\">Audici\u00f3n para el ingreso FAPIC Tango (M\u00fasica)<\/a><\/strong><\/li>\n\n\n\n<li><strong><a href=\"https:\/\/ispm-sfe.infd.edu.ar\/sitio\/fapic-tango\/fapic-tango-fecha-examen\/\" data-type=\"page\" data-id=\"3332\">Fecha de examen<\/a><\/strong><\/li>\n<\/ul>\n","protected":false},"excerpt":{"rendered":"<p>Las preinscripciones para el CICLO 2026 inician el 22\/11\/2025 Antes de utilizar los formularios de preinscripci\u00f3n remarcamos que es necesario leer las orientaciones generales y el resto de los apartados que est\u00e1n en los enlaces al final de de esta p\u00e1gina ANTES de generar su ficha de pre-inscripci\u00f3n recomendamos agregar a su libreta de direcciones &#8230; <a title=\"Formularios Preinscripci\u00f3n FAPIC Tango\" class=\"read-more\" href=\"https:\/\/ispm-sfe.infd.edu.ar\/sitio\/fapic-tango\/formularios-preinscripcion-fapic-tango\/\" aria-label=\"More on Formularios Preinscripci\u00f3n FAPIC Tango\">[+]<\/a><\/p>\n","protected":false},"author":729,"featured_media":0,"parent":2726,"menu_order":5,"comment_status":"closed","ping_status":"closed","template":"","meta":[],"acf":[],"_links":{"self":[{"href":"https:\/\/ispm-sfe.infd.edu.ar\/sitio\/wp-json\/wp\/v2\/pages\/3712"}],"collection":[{"href":"https:\/\/ispm-sfe.infd.edu.ar\/sitio\/wp-json\/wp\/v2\/pages"}],"about":[{"href":"https:\/\/ispm-sfe.infd.edu.ar\/sitio\/wp-json\/wp\/v2\/types\/page"}],"author":[{"embeddable":true,"href":"https:\/\/ispm-sfe.infd.edu.ar\/sitio\/wp-json\/wp\/v2\/users\/729"}],"replies":[{"embeddable":true,"href":"https:\/\/ispm-sfe.infd.edu.ar\/sitio\/wp-json\/wp\/v2\/comments?post=3712"}],"version-history":[{"count":8,"href":"https:\/\/ispm-sfe.infd.edu.ar\/sitio\/wp-json\/wp\/v2\/pages\/3712\/revisions"}],"predecessor-version":[{"id":3740,"href":"https:\/\/ispm-sfe.infd.edu.ar\/sitio\/wp-json\/wp\/v2\/pages\/3712\/revisions\/3740"}],"up":[{"embeddable":true,"href":"https:\/\/ispm-sfe.infd.edu.ar\/sitio\/wp-json\/wp\/v2\/pages\/2726"}],"wp:attachment":[{"href":"https:\/\/ispm-sfe.infd.edu.ar\/sitio\/wp-json\/wp\/v2\/media?parent=3712"}],"curies":[{"name":"wp","href":"https:\/\/api.w.org\/{rel}","templated":true}]}}