{"id":3332,"date":"2025-02-26T20:41:15","date_gmt":"2025-02-26T23:41:15","guid":{"rendered":"https:\/\/ispm-sfe.infd.edu.ar\/sitio\/?page_id=3332"},"modified":"2026-03-10T09:32:35","modified_gmt":"2026-03-10T12:32:35","slug":"fapic-tango-fecha-examen","status":"publish","type":"page","link":"https:\/\/ispm-sfe.infd.edu.ar\/sitio\/fapic-tango\/fapic-tango-fecha-examen\/","title":{"rendered":"FAPIC Tango &#8211; Fecha Examen"},"content":{"rendered":"\n<ul>\n<li>TODOS LOS EX\u00c1MENES SON PRESENCIALES. Es imprescindible PRESENTAR DNI<\/li>\n\n\n\n<li>La fecha y horario es jueves 19\/03\/2026 a las 20.30hs<\/li>\n\n\n\n<li>Tambi\u00e9n deben presentarse (<strong>no para audicionar)<\/strong> quienes tengan ingreso directo con la constancia que acredite el mismo<\/li>\n\n\n\n<li>Revise la mensajer\u00eda interna del Campus Virtual y la cuenta de correo electr\u00f3nico que asent\u00f3 en la ficha de preinscripci\u00f3n ya que enviaremos informaci\u00f3n importante por ese medio.<\/li>\n<\/ul>\n\n\n\n<hr class=\"wp-block-separator has-alpha-channel-opacity\"\/>\n\n\n\n<div class=\"wp-block-buttons is-layout-flex\">\n<div class=\"wp-block-button\"><a class=\"wp-block-button__link wp-element-button\" href=\"https:\/\/ispm-sfe.infd.edu.ar\/sitio\/fapic-tango\/\">Volver P\u00e1gina Principal Ingreso FAPIC Tango<\/a><\/div>\n<\/div>\n\n\n\n<ul>\n<li><strong><a href=\"https:\/\/ispm-sfe.infd.edu.ar\/sitio\/fapic-tango\/fapic-tango-musica-documentacion-ingreso\/\" data-type=\"page\" data-id=\"3265\">Documentaci\u00f3n necesaria para preinscripci\u00f3n<\/a><\/strong><\/li>\n\n\n\n<li><strong><a href=\"https:\/\/ispm-sfe.infd.edu.ar\/sitio\/fapic-tango\/fapic-tango-solicitud-preinscripcion\/\" data-type=\"page\">Realizar Preinscripci\u00f3n FAPIC Tango (M\u00fasica)<\/a><\/strong><\/li>\n\n\n\n<li><strong><a href=\"https:\/\/ispm-sfe.infd.edu.ar\/sitio\/fapic-tango\/fapic-tango-musica-ingreso-instrumento-lenguaje-musical\/\" data-type=\"page\" data-id=\"2756\">Audici\u00f3n para el ingreso FAPIC Tango (M\u00fasica)<\/a><\/strong><\/li>\n\n\n\n<li><strong>Fecha de examen<\/strong><\/li>\n<\/ul>\n","protected":false},"excerpt":{"rendered":"","protected":false},"author":729,"featured_media":0,"parent":2726,"menu_order":0,"comment_status":"closed","ping_status":"closed","template":"","meta":[],"acf":[],"_links":{"self":[{"href":"https:\/\/ispm-sfe.infd.edu.ar\/sitio\/wp-json\/wp\/v2\/pages\/3332"}],"collection":[{"href":"https:\/\/ispm-sfe.infd.edu.ar\/sitio\/wp-json\/wp\/v2\/pages"}],"about":[{"href":"https:\/\/ispm-sfe.infd.edu.ar\/sitio\/wp-json\/wp\/v2\/types\/page"}],"author":[{"embeddable":true,"href":"https:\/\/ispm-sfe.infd.edu.ar\/sitio\/wp-json\/wp\/v2\/users\/729"}],"replies":[{"embeddable":true,"href":"https:\/\/ispm-sfe.infd.edu.ar\/sitio\/wp-json\/wp\/v2\/comments?post=3332"}],"version-history":[{"count":9,"href":"https:\/\/ispm-sfe.infd.edu.ar\/sitio\/wp-json\/wp\/v2\/pages\/3332\/revisions"}],"predecessor-version":[{"id":3796,"href":"https:\/\/ispm-sfe.infd.edu.ar\/sitio\/wp-json\/wp\/v2\/pages\/3332\/revisions\/3796"}],"up":[{"embeddable":true,"href":"https:\/\/ispm-sfe.infd.edu.ar\/sitio\/wp-json\/wp\/v2\/pages\/2726"}],"wp:attachment":[{"href":"https:\/\/ispm-sfe.infd.edu.ar\/sitio\/wp-json\/wp\/v2\/media?parent=3332"}],"curies":[{"name":"wp","href":"https:\/\/api.w.org\/{rel}","templated":true}]}}