{"id":3265,"date":"2024-11-30T11:10:31","date_gmt":"2024-11-30T14:10:31","guid":{"rendered":"https:\/\/ispm-sfe.infd.edu.ar\/sitio\/?page_id=3265"},"modified":"2025-11-21T21:04:51","modified_gmt":"2025-11-22T00:04:51","slug":"fapic-tango-musica-documentacion-ingreso","status":"publish","type":"page","link":"https:\/\/ispm-sfe.infd.edu.ar\/sitio\/fapic-tango\/fapic-tango-musica-documentacion-ingreso\/","title":{"rendered":"FAPIC Tango (M\u00fasica) &#8211; Documentaci\u00f3n Ingreso"},"content":{"rendered":"\n<h4 class=\"wp-block-heading\">Esta secci\u00f3n debe leerse en contexto con la p\u00e1gina principal para el ingreso al ciclo 2026 FAPIC Tango (M\u00fasica)<\/h4>\n\n\n\n<h2 class=\"wp-block-heading\">Documentaci\u00f3n necesaria para la inscripci\u00f3n (para presentar de manera virtual antes de la fecha de cierre de inscripci\u00f3n y <span class=\"has-inline-color has-vivid-red-color\">cuando sea solicitada<\/span> de manera f\u00edsica)<\/h2>\n\n\n\n<ul>\n<li>Formulario de inscripci\u00f3n FAPIC Tango M\u00fasica (se env\u00eda a su correo electr\u00f3nico cuando completa el formulario \u00aben l\u00ednea\u00bb).<\/li>\n\n\n\n<li>2 fotos color 4&#215;4.<\/li>\n\n\n\n<li>Fotocopia anverso y reverso del DNI Tarjeta.<\/li>\n\n\n\n<li>Certificado de&nbsp; salud (oficial o privado).<\/li>\n\n\n\n<li>Fotocopia de t\u00edtulo secundario (puede presentar certificado de t\u00edtulo en tr\u00e1mite o entregar una constancia de alumno regular).<\/li>\n\n\n\n<li>Partida de Nacimiento (solo si <strong><span class=\"has-inline-color has-vivid-red-color\">NO<\/span><\/strong> naci\u00f3 en la provincia de Santa Fe).<\/li>\n\n\n\n<li>Para <strong>cantantes<\/strong>:\n<ul>\n<li>Certificado <strong>fonoaudiol\u00f3gico<\/strong>: examen funcional de la voz a cargo de un fonoaudi\u00f3logo<\/li>\n\n\n\n<li>Certificado <strong>otorinolaringol\u00f3gico<\/strong> que contemple una Fibrolaringoscop\u00eda o Estroboscop\u00eda con su respectivo informe.<\/li>\n<\/ul>\n<\/li>\n<\/ul>\n\n\n\n<p>Al momento de realizar la entrega f\u00edsica de la documentaci\u00f3n (cuando le sea solicitado), todas las <strong>fotocopias<\/strong> deben ser <strong>acompa\u00f1adas de su original<\/strong> para certificarlas en la instituci\u00f3n. Las constancias DEBEN tener <strong>firma<\/strong> ORIGINAL (<strong><mark style=\"background-color:rgba(0, 0, 0, 0)\" class=\"has-inline-color has-vivid-red-color\">tinta<\/mark><\/strong>) y <strong>sello<\/strong> de la instituci\u00f3n que las emite. El <strong>certificado de salud <\/strong>debe tener fecha que marque una <strong>antelaci\u00f3n <mark style=\"background-color:rgba(0, 0, 0, 0)\" class=\"has-inline-color has-vivid-red-color\">MENOR<\/mark> a 6 (seis) meses<\/strong> del inicio del proceso de inscripci\u00f3n (fecha de presentaci\u00f3n de la documentaci\u00f3n virtual para el ciclo 2025).<\/p>\n\n\n\n<div class=\"wp-block-buttons is-layout-flex\">\n<div class=\"wp-block-button\"><a class=\"wp-block-button__link wp-element-button\" href=\"https:\/\/ispm-sfe.infd.edu.ar\/sitio\/fapic-tango\/\">Volver P\u00e1gina Principal Ingreso FAPIC Tango<\/a><\/div>\n<\/div>\n\n\n\n<ul>\n<li><strong><a href=\"https:\/\/ispm-sfe.infd.edu.ar\/sitio\/fapic-tango\/fapic-tango-musica-documentacion-ingreso\/\" data-type=\"page\" data-id=\"3265\">Documentaci\u00f3n necesaria para preinscripci\u00f3n<\/a><\/strong><\/li>\n\n\n\n<li><strong><a href=\"https:\/\/ispm-sfe.infd.edu.ar\/sitio\/fapic-tango\/fapic-tango-solicitud-preinscripcion\/\" data-type=\"page\">Realizar Preinscripci\u00f3n FAPIC Tango (M\u00fasica)<\/a><\/strong><\/li>\n\n\n\n<li><strong><a href=\"https:\/\/ispm-sfe.infd.edu.ar\/sitio\/fapic-tango\/fapic-tango-musica-ingreso-instrumento-lenguaje-musical\/\" data-type=\"page\" data-id=\"2756\">Materiales Orientativos FAPIC Tango (M\u00fasica)<\/a><\/strong><\/li>\n\n\n\n<li><strong><a href=\"https:\/\/ispm-sfe.infd.edu.ar\/sitio\/fapic-tango\/fapic-tango-fecha-examen\/\" data-type=\"page\" data-id=\"3332\">Fecha de examen<\/a><\/strong><\/li>\n<\/ul>\n","protected":false},"excerpt":{"rendered":"<p>Esta secci\u00f3n debe leerse en contexto con la p\u00e1gina principal para el ingreso al ciclo 2026 FAPIC Tango (M\u00fasica) Documentaci\u00f3n necesaria para la inscripci\u00f3n (para presentar de manera virtual antes de la fecha de cierre de inscripci\u00f3n y cuando sea solicitada de manera f\u00edsica) Al momento de realizar la entrega f\u00edsica de la documentaci\u00f3n (cuando &#8230; <a title=\"FAPIC Tango (M\u00fasica) &#8211; Documentaci\u00f3n Ingreso\" class=\"read-more\" href=\"https:\/\/ispm-sfe.infd.edu.ar\/sitio\/fapic-tango\/fapic-tango-musica-documentacion-ingreso\/\" aria-label=\"More on FAPIC Tango (M\u00fasica) &#8211; Documentaci\u00f3n Ingreso\">[+]<\/a><\/p>\n","protected":false},"author":729,"featured_media":0,"parent":2726,"menu_order":4,"comment_status":"closed","ping_status":"closed","template":"","meta":[],"acf":[],"_links":{"self":[{"href":"https:\/\/ispm-sfe.infd.edu.ar\/sitio\/wp-json\/wp\/v2\/pages\/3265"}],"collection":[{"href":"https:\/\/ispm-sfe.infd.edu.ar\/sitio\/wp-json\/wp\/v2\/pages"}],"about":[{"href":"https:\/\/ispm-sfe.infd.edu.ar\/sitio\/wp-json\/wp\/v2\/types\/page"}],"author":[{"embeddable":true,"href":"https:\/\/ispm-sfe.infd.edu.ar\/sitio\/wp-json\/wp\/v2\/users\/729"}],"replies":[{"embeddable":true,"href":"https:\/\/ispm-sfe.infd.edu.ar\/sitio\/wp-json\/wp\/v2\/comments?post=3265"}],"version-history":[{"count":10,"href":"https:\/\/ispm-sfe.infd.edu.ar\/sitio\/wp-json\/wp\/v2\/pages\/3265\/revisions"}],"predecessor-version":[{"id":3742,"href":"https:\/\/ispm-sfe.infd.edu.ar\/sitio\/wp-json\/wp\/v2\/pages\/3265\/revisions\/3742"}],"up":[{"embeddable":true,"href":"https:\/\/ispm-sfe.infd.edu.ar\/sitio\/wp-json\/wp\/v2\/pages\/2726"}],"wp:attachment":[{"href":"https:\/\/ispm-sfe.infd.edu.ar\/sitio\/wp-json\/wp\/v2\/media?parent=3265"}],"curies":[{"name":"wp","href":"https:\/\/api.w.org\/{rel}","templated":true}]}}