{"id":2749,"date":"2024-02-12T17:22:03","date_gmt":"2024-02-12T20:22:03","guid":{"rendered":"https:\/\/ispm-sfe.infd.edu.ar\/sitio\/?page_id=2749"},"modified":"2025-11-21T21:05:16","modified_gmt":"2025-11-22T00:05:16","slug":"fapic-tango-solicitud-preinscripcion","status":"publish","type":"page","link":"https:\/\/ispm-sfe.infd.edu.ar\/sitio\/fapic-tango\/fapic-tango-solicitud-preinscripcion\/","title":{"rendered":"FAPIC Tango &#8211; Solicitud Preinscripci\u00f3n 2026"},"content":{"rendered":"\n<p>Para realizar la preinscripci\u00f3n deber\u00e1 realizar <strong><mark style=\"background-color:rgba(0, 0, 0, 0)\" class=\"has-inline-color has-vivid-red-color\">DOS<\/mark><\/strong> formularios. Para completar el <strong>segundo formulario<\/strong> NECESITA un <strong>c\u00f3digo<\/strong> que es generado al completar el <strong>primer formulario<\/strong>. Ambos formularios env\u00edan respuestas autom\u00e1ticas a su <strong>correo electr\u00f3nico<\/strong> (no responda esos correos ni escriba a las casillas desde donde son enviados: NO recibir\u00e1 respuesta ni ser\u00e1n revisados esos mensajes). El primer formulario envia adem\u00e1s de datos importantes <strong>una ficha de inscripci\u00f3n en PDF<\/strong> que contiene los datos que haya ingresado en el primer formulario. El <strong>segundo formulario<\/strong> env\u00eda claves de acceso y enlaces para la PRIMERA ETAPA  de entrega de la documentaci\u00f3n. Esta primera etapa de entrega de documentaci\u00f3n es virtual. Solo se aceptar\u00e1 la entrega de documentaci\u00f3n virtual a trav\u00e9s del espacio espec\u00edfico. Si env\u00eda documentaci\u00f3n por otro medio esta NO ser\u00e1 tenida en cuenta.<\/p>\n\n\n\n<p>Verifique que se est\u00e1 inscribiendo a la opci\u00f3n deseada (\u00abFAPIC Tango (m\u00fasica)\u00bb \/ o \/ \u00abProfesor\/a de M\u00fasica\u00bb) &#8211; Se trata de dise\u00f1os diferentes con requisitos diferentes.<\/p>\n\n\n\n<h2 class=\"wp-block-heading\">Resumen:<\/h2>\n\n\n\n<ol>\n<li>Agregar a su agenda de direcciones de correo electr\u00f3nico noreply@ispmguastavino.edu.ar para facilitar la recepci\u00f3n de las fichas y mensajes generados con los formularios automatizados.<\/li>\n\n\n\n<li>Generar su ficha la PRE INSCRIPCI\u00d3N (utilizando el <strong>primer formulario<\/strong>).<\/li>\n\n\n\n<li>Verifique recibir el correo electr\u00f3nico con un PDF adjunto que contiene todos los datos que ingres\u00f3 al completar el primer formulario. El PDF contiene un c\u00f3digo de inscripci\u00f3n cerca de la esquina superior derecha.<\/li>\n\n\n\n<li>Enviar la documentaci\u00f3n solicitada de manera virtual (ver m\u00e1s abajo &#8211; se inicia completando un <strong>SEGUNDO formulario<\/strong>). Debe enviar la documentaci\u00f3n de manera virtual solo a trav\u00e9s del espacios espec\u00edfico para este fin y entregarla ANTES de la fecha de cierre de la inscripci\u00f3n. Inicie la carga de documentaci\u00f3n virtual a la brevedad posible. No espere a la fecha l\u00edmite.<\/li>\n\n\n\n<li>Revisar peri\u00f3dicamente el correo electr\u00f3nico. Recibir\u00e1 informaci\u00f3n importante y cualquier modificaci\u00f3n que se produzca.<\/li>\n\n\n\n<li>Revisar peri\u00f3dicamente <strong>este sitio web <\/strong>para confirmar las fechas en las que deber\u00e1 realizar la audici\u00f3n de ingreso (o presentar la documentaci\u00f3n en el caso de ingreso directo). <strong><mark style=\"background-color:rgba(0, 0, 0, 0)\" class=\"has-inline-color has-vivid-red-color\">Las fechas de audici\u00f3n s\u00f3lo se publicar\u00e1 en el sitio web de nuestra instituci\u00f3n<\/mark><\/strong>.<\/li>\n\n\n\n<li>Realizar la audici\u00f3n de Instrumento con el que cursar\u00e1 la FAPIC Tango (fechas a determinar seg\u00fan Calendario Escolar 2026). El examen es PRESENCIAL. Es imprescindible PRESENTAR DNI.<\/li>\n\n\n\n<li>Entrega de documentaci\u00f3n f\u00edsica (en el momento que se le solicite una vez concluidos y aprobados los ex\u00e1menes).<\/li>\n<\/ol>\n\n\n\n<pre class=\"wp-block-verse\"><strong>Por consultas<\/strong> les sugerimos escriba desde nuestras redes sociales a trav\u00e9s de nuestro <a href=\"https:\/\/www.facebook.com\/profesoradodemusica\"><strong>Facebook<\/strong><\/a>&nbsp;(@profesoradodemusica) o <a href=\"https:\/\/www.instagram.com\/elguastavino\/\"><strong>Instagram<\/strong><\/a>&nbsp;(@elguastavino). Tambi\u00e9n puede escribirnos a nuestro correo electr\u00f3nico a trav\u00e9s de nuestro <a href=\"https:\/\/ispm-sfe.infd.edu.ar\/sitio\/contacto\/\"><strong>formulario de contacto<\/strong><\/a>.<\/pre>\n\n\n\n<p class=\"has-text-align-center\"><strong><mark style=\"background-color:rgba(0, 0, 0, 0)\" class=\"has-inline-color has-vivid-red-color\">ANTES<\/mark> de generar su ficha de pre-inscripci\u00f3n recomendamos agregar a su libreta de direcciones el siguiente correo electr\u00f3nico: noreply@ispmguastavino.edu.ar<br><mark style=\"background-color:rgba(0, 0, 0, 0)\" class=\"has-inline-color has-vivid-red-color\">NO ESCRIBA A ESA DIRECCI\u00d3N DE CORREO ELECTR\u00d3NICO <\/mark>&#8211; LOS MENSAJES QUE ENV\u00cdE NO SER\u00c1N ATENDIDOS<\/strong>.<\/p>\n\n\n\n<pre class=\"wp-block-verse has-text-align-center\"><strong><a href=\"https:\/\/ispm-sfe.infd.edu.ar\/sitio\/fapic-tango\/formularios-preinscripcion-fapic-tango\/\" data-type=\"page\" data-id=\"3712\">Realizar Formularios Preinscripci\u00f3n FAPIC Tango (M\u00fasica)<\/a><\/strong><\/pre>\n\n\n\n<hr class=\"wp-block-separator has-css-opacity\"\/>\n\n\n\n<div class=\"wp-block-buttons is-layout-flex\">\n<div class=\"wp-block-button\"><a class=\"wp-block-button__link wp-element-button\" href=\"https:\/\/ispm-sfe.infd.edu.ar\/sitio\/fapic-tango\/\">Volver P\u00e1gina Principal Ingreso FAPIC Tango<\/a><\/div>\n<\/div>\n\n\n\n<ul>\n<li><strong><a href=\"https:\/\/ispm-sfe.infd.edu.ar\/sitio\/fapic-tango\/fapic-tango-musica-documentacion-ingreso\/\" data-type=\"page\" data-id=\"3265\">Documentaci\u00f3n necesaria para preinscripci\u00f3n<\/a><\/strong><\/li>\n\n\n\n<li><strong><a href=\"https:\/\/ispm-sfe.infd.edu.ar\/sitio\/fapic-tango\/fapic-tango-solicitud-preinscripcion\/\" data-type=\"page\">Realizar Preinscripci\u00f3n FAPIC Tango (M\u00fasica)<\/a><\/strong><\/li>\n\n\n\n<li><strong><a href=\"https:\/\/ispm-sfe.infd.edu.ar\/sitio\/fapic-tango\/fapic-tango-musica-ingreso-instrumento-lenguaje-musical\/\" data-type=\"page\" data-id=\"2756\">Audici\u00f3n para el ingreso FAPIC Tango (M\u00fasica)<\/a><\/strong><\/li>\n\n\n\n<li><strong><a href=\"https:\/\/ispm-sfe.infd.edu.ar\/sitio\/fapic-tango\/fapic-tango-fecha-examen\/\" data-type=\"page\" data-id=\"3332\">Fecha de examen<\/a><\/strong><\/li>\n<\/ul>\n","protected":false},"excerpt":{"rendered":"<p>Para realizar la preinscripci\u00f3n deber\u00e1 realizar DOS formularios. Para completar el segundo formulario NECESITA un c\u00f3digo que es generado al completar el primer formulario. Ambos formularios env\u00edan respuestas autom\u00e1ticas a su correo electr\u00f3nico (no responda esos correos ni escriba a las casillas desde donde son enviados: NO recibir\u00e1 respuesta ni ser\u00e1n revisados esos mensajes). El &#8230; <a title=\"FAPIC Tango &#8211; Solicitud Preinscripci\u00f3n 2026\" class=\"read-more\" href=\"https:\/\/ispm-sfe.infd.edu.ar\/sitio\/fapic-tango\/fapic-tango-solicitud-preinscripcion\/\" aria-label=\"More on FAPIC Tango &#8211; Solicitud Preinscripci\u00f3n 2026\">[+]<\/a><\/p>\n","protected":false},"author":729,"featured_media":0,"parent":2726,"menu_order":2,"comment_status":"closed","ping_status":"closed","template":"","meta":[],"acf":[],"_links":{"self":[{"href":"https:\/\/ispm-sfe.infd.edu.ar\/sitio\/wp-json\/wp\/v2\/pages\/2749"}],"collection":[{"href":"https:\/\/ispm-sfe.infd.edu.ar\/sitio\/wp-json\/wp\/v2\/pages"}],"about":[{"href":"https:\/\/ispm-sfe.infd.edu.ar\/sitio\/wp-json\/wp\/v2\/types\/page"}],"author":[{"embeddable":true,"href":"https:\/\/ispm-sfe.infd.edu.ar\/sitio\/wp-json\/wp\/v2\/users\/729"}],"replies":[{"embeddable":true,"href":"https:\/\/ispm-sfe.infd.edu.ar\/sitio\/wp-json\/wp\/v2\/comments?post=2749"}],"version-history":[{"count":24,"href":"https:\/\/ispm-sfe.infd.edu.ar\/sitio\/wp-json\/wp\/v2\/pages\/2749\/revisions"}],"predecessor-version":[{"id":3743,"href":"https:\/\/ispm-sfe.infd.edu.ar\/sitio\/wp-json\/wp\/v2\/pages\/2749\/revisions\/3743"}],"up":[{"embeddable":true,"href":"https:\/\/ispm-sfe.infd.edu.ar\/sitio\/wp-json\/wp\/v2\/pages\/2726"}],"wp:attachment":[{"href":"https:\/\/ispm-sfe.infd.edu.ar\/sitio\/wp-json\/wp\/v2\/media?parent=2749"}],"curies":[{"name":"wp","href":"https:\/\/api.w.org\/{rel}","templated":true}]}}