{"id":2733,"date":"2023-12-29T12:13:45","date_gmt":"2023-12-29T15:13:45","guid":{"rendered":"https:\/\/ispm-sfe.infd.edu.ar\/sitio\/?page_id=2733"},"modified":"2023-12-29T12:40:41","modified_gmt":"2023-12-29T15:40:41","slug":"diseno-curricular-fapic-tango","status":"publish","type":"page","link":"https:\/\/ispm-sfe.infd.edu.ar\/sitio\/fapic-tango\/diseno-curricular-fapic-tango\/","title":{"rendered":"Dise\u00f1o Curricular FAPIC Tango"},"content":{"rendered":"\n<p>Orientaci\u00f3n M\u00fasica<\/p>\n\n\n\n<p>P\u00e1gina en construcci\u00f3n<\/p>\n\n\n\n<h2 class=\"wp-block-heading\">Primer a\u00f1o<\/h2>\n\n\n\n<div class=\"wp-block-columns is-layout-flex wp-container-4\">\n<div class=\"wp-block-column is-layout-flow\">\n<p>Formaci\u00f3n General<\/p>\n\n\n\n<ul>\n<li>ESI<\/li>\n<\/ul>\n<\/div>\n\n\n\n<div class=\"wp-block-column is-layout-flow\">\n<p>Formaci\u00f3n Espec\u00edfica<\/p>\n\n\n\n<ul>\n<li>T\u00e9cnica de Tango I<\/li>\n\n\n\n<li>Musicalidad y Movimiento<\/li>\n\n\n\n<li>Genealog\u00eda Sociocultural del Tango<\/li>\n<\/ul>\n<\/div>\n\n\n\n<div class=\"wp-block-column is-layout-flow\">\n<p>Pr\u00e1cticas Profesionalizantes<\/p>\n\n\n\n<ul>\n<li>Pr\u00e1cticas Profesionalizantes I<\/li>\n<\/ul>\n<\/div>\n<\/div>\n\n\n\n<h2 class=\"wp-block-heading\">Segundo a\u00f1o<\/h2>\n\n\n\n<div class=\"wp-block-columns is-layout-flex wp-container-8\">\n<div class=\"wp-block-column is-layout-flow\">\n<p>Formaci\u00f3n General<\/p>\n\n\n\n<ul>\n<li>Po\u00e9tica del Tango<\/li>\n<\/ul>\n<\/div>\n\n\n\n<div class=\"wp-block-column is-layout-flow\">\n<p>Formaci\u00f3n Espec\u00edfica<\/p>\n\n\n\n<ul>\n<li>T\u00e9cnica de Tango II<\/li>\n\n\n\n<li>Espacio Creativo I<\/li>\n\n\n\n<li>Estilos Representativos del Tango<\/li>\n<\/ul>\n<\/div>\n\n\n\n<div class=\"wp-block-column is-layout-flow\">\n<p>Pr\u00e1cticas Profesionalizantes<\/p>\n\n\n\n<ul>\n<li>Pr\u00e1cticas Profesionalizantes II<\/li>\n<\/ul>\n<\/div>\n<\/div>\n\n\n\n<h2 class=\"wp-block-heading\">Tercer a\u00f1o<\/h2>\n\n\n\n<div class=\"wp-block-columns is-layout-flex wp-container-12\">\n<div class=\"wp-block-column is-layout-flow\">\n<p>Formaci\u00f3n General<\/p>\n\n\n\n<ul>\n<li>El Tango como Industria Cultural<\/li>\n<\/ul>\n<\/div>\n\n\n\n<div class=\"wp-block-column is-layout-flow\">\n<p>Formaci\u00f3n Espec\u00edfica<\/p>\n\n\n\n<ul>\n<li>T\u00e9cnica de Tango III<\/li>\n\n\n\n<li>Espacio Creativo II<\/li>\n\n\n\n<li>Recursos digitales en el Tango<\/li>\n<\/ul>\n<\/div>\n\n\n\n<div class=\"wp-block-column is-layout-flow\">\n<p>Pr\u00e1cticas Profesionalizantes<\/p>\n\n\n\n<ul>\n<li>Pr\u00e1cticas Profesionalizantes II<\/li>\n<\/ul>\n<\/div>\n<\/div>\n\n\n\n<div class=\"wp-block-buttons is-layout-flex\">\n<div class=\"wp-block-button\"><a class=\"wp-block-button__link wp-element-button\" href=\"https:\/\/drive.google.com\/file\/d\/1W1chXUubdpqthT-JfF_Aa5pHBt7gcn6-\/view?usp=sharing\" target=\"_blank\" rel=\"noreferrer noopener\">Descargar Dise\u00f1o Curricular Completo<\/a><\/div>\n<\/div>\n","protected":false},"excerpt":{"rendered":"<p>Orientaci\u00f3n M\u00fasica P\u00e1gina en construcci\u00f3n Primer a\u00f1o Formaci\u00f3n General Formaci\u00f3n Espec\u00edfica Pr\u00e1cticas Profesionalizantes Segundo a\u00f1o Formaci\u00f3n General Formaci\u00f3n Espec\u00edfica Pr\u00e1cticas Profesionalizantes Tercer a\u00f1o Formaci\u00f3n General Formaci\u00f3n Espec\u00edfica Pr\u00e1cticas Profesionalizantes<\/p>\n","protected":false},"author":729,"featured_media":0,"parent":2726,"menu_order":0,"comment_status":"closed","ping_status":"closed","template":"","meta":[],"acf":[],"_links":{"self":[{"href":"https:\/\/ispm-sfe.infd.edu.ar\/sitio\/wp-json\/wp\/v2\/pages\/2733"}],"collection":[{"href":"https:\/\/ispm-sfe.infd.edu.ar\/sitio\/wp-json\/wp\/v2\/pages"}],"about":[{"href":"https:\/\/ispm-sfe.infd.edu.ar\/sitio\/wp-json\/wp\/v2\/types\/page"}],"author":[{"embeddable":true,"href":"https:\/\/ispm-sfe.infd.edu.ar\/sitio\/wp-json\/wp\/v2\/users\/729"}],"replies":[{"embeddable":true,"href":"https:\/\/ispm-sfe.infd.edu.ar\/sitio\/wp-json\/wp\/v2\/comments?post=2733"}],"version-history":[{"count":3,"href":"https:\/\/ispm-sfe.infd.edu.ar\/sitio\/wp-json\/wp\/v2\/pages\/2733\/revisions"}],"predecessor-version":[{"id":2744,"href":"https:\/\/ispm-sfe.infd.edu.ar\/sitio\/wp-json\/wp\/v2\/pages\/2733\/revisions\/2744"}],"up":[{"embeddable":true,"href":"https:\/\/ispm-sfe.infd.edu.ar\/sitio\/wp-json\/wp\/v2\/pages\/2726"}],"wp:attachment":[{"href":"https:\/\/ispm-sfe.infd.edu.ar\/sitio\/wp-json\/wp\/v2\/media?parent=2733"}],"curies":[{"name":"wp","href":"https:\/\/api.w.org\/{rel}","templated":true}]}}