{"id":2726,"date":"2023-12-22T19:19:01","date_gmt":"2023-12-22T22:19:01","guid":{"rendered":"https:\/\/ispm-sfe.infd.edu.ar\/sitio\/?page_id=2726"},"modified":"2025-11-21T21:03:57","modified_gmt":"2025-11-22T00:03:57","slug":"fapic-tango","status":"publish","type":"page","link":"https:\/\/ispm-sfe.infd.edu.ar\/sitio\/fapic-tango\/","title":{"rendered":"FAPIC Tango"},"content":{"rendered":"\n<h4 class=\"wp-block-heading has-text-align-center has-text-color\" style=\"color:#eb1313\">Las preinscripciones para el CICLO 2026 inician el 22\/11\/2025<\/h4>\n\n\n\n<p>Formaci\u00f3n Art\u00edstica para las Industrias Culturales en Tango &#8211; <strong>P\u00e1gina en construcci\u00f3n<\/strong><\/p>\n\n\n\n<p>La informaci\u00f3n de esta p\u00e1gina corresponde a la FAPIC en Tango. Para <strong><a href=\"https:\/\/ispm-sfe.infd.edu.ar\/sitio\/ingreso-2026\/\" data-type=\"page\">informaci\u00f3n referida al Profesorado de M\u00fasica<\/a><\/strong>, presione sobr el el enlace que est\u00e1 en el texto anterior.<\/p>\n\n\n\n<p>La FAPIC en Tango constituye una apuesta a la renovaci\u00f3n y ampliaci\u00f3n de oferta educativa para la formaci\u00f3n de profesionales en arte. En esta ocasi\u00f3n tiene la innovadora particularidad de brindar una instancia formal de profesionalizaci\u00f3n integral del tango argentino, anclada en la articulaci\u00f3n de los lenguajes art\u00edsticos musicales y danc\u00edsticos. No s\u00f3lo tiene el objetivo de educar y crear herramientas para difundir el tango como forma art\u00edstica, sino tambi\u00e9n el de buscar y generar repositorios de datos y archivos de producciones locales para la salvaguardia y difusi\u00f3n del patrimonio tanguero local.<\/p>\n\n\n\n<p><strong>Requisitos de ingreso para la orientaci\u00f3n M\u00fasica:<\/strong><\/p>\n\n\n\n<ul>\n<li>Manejo, percepci\u00f3n y comprensi\u00f3n de compases binarios de dos, tres y cuatro tiempos. Valores irregulares.<\/li>\n\n\n\n<li>Percepci\u00f3n, entonaci\u00f3n y\/o ejecuci\u00f3n, memorizaci\u00f3n, comprensi\u00f3n y posterior escritura de motivos mel\u00f3dicos en modo mayor y menor.<\/li>\n\n\n\n<li>Lectura de ejercicios mel\u00f3dicos, solfeo de melod\u00edas sencillas y partituras en clave de sol y de fa. <\/li>\n\n\n\n<li>Lectura mel\u00f3dica en modo mayor y menor en tonalidades con 1, 2 y 3 alteraciones.<\/li>\n\n\n\n<li>Modelos de altura te\u00f3ricos: intervalos (segundas y terceras), escalas mayores y menores (antigua y arm\u00f3nica), reglas mnemot\u00e9cnicas, acordes propios del modo mayor y menor. Acordes tr\u00edadas: mayor, menor, aumentado y disminuido. Clave de sol y de fa.<\/li>\n\n\n\n<li>Conocimiento arm\u00f3nico de acordes tr\u00edadas mayores, menores, aumentados y disminuidos.  Procesos cadenciales en modo mayor y menor: I &#8211; V &#8211; I y I- IV- V \u2013 I y I- II- V- I.<\/li>\n\n\n\n<li>Funciones arm\u00f3nicas b\u00e1sicas.<\/li>\n\n\n\n<li>An\u00e1lisis de las formas musicales de un tango. Macroforma. Cambios y tipos de textura dentro de la forma.<\/li>\n<\/ul>\n\n\n\n<p><strong>Instrumento<\/strong><\/p>\n\n\n\n<ul>\n<li>Ser\u00e1 importante que pueda tener fluidez en la ejecuci\u00f3n de obras sencillas contrastantes, cualquiera sea el g\u00e9nero musical.<\/li>\n\n\n\n<li>Deber\u00e1 tener manejo de las siguientes cuestiones t\u00e9cnicas instrumentales: calidad de sonido, afinaci\u00f3n, din\u00e1mica, fraseo, emotividad, sensibilidad e interpretaci\u00f3n.<\/li>\n<\/ul>\n\n\n\n<div class=\"wp-block-buttons is-layout-flex\">\n<div class=\"wp-block-button is-style-fill\"><a class=\"wp-block-button__link wp-element-button\" href=\"https:\/\/ispm-sfe.infd.edu.ar\/sitio\/fapic-tango\/diseno-curricular-fapic-tango\/\">Dise\u00f1o Curricular<\/a><\/div>\n<\/div>\n\n\n\n<ul>\n<li><strong><a href=\"https:\/\/ispm-sfe.infd.edu.ar\/sitio\/fapic-tango\/fapic-tango-musica-documentacion-ingreso\/\" data-type=\"page\" data-id=\"3265\">Documentaci\u00f3n necesaria para preinscripci\u00f3n<\/a><\/strong><\/li>\n\n\n\n<li><strong><a href=\"https:\/\/ispm-sfe.infd.edu.ar\/sitio\/fapic-tango\/fapic-tango-solicitud-preinscripcion\/\" data-type=\"page\">Realizar Preinscripci\u00f3n FAPIC Tango (M\u00fasica)<\/a><\/strong><\/li>\n\n\n\n<li><strong><a href=\"https:\/\/ispm-sfe.infd.edu.ar\/sitio\/fapic-tango\/fapic-tango-musica-ingreso-instrumento-lenguaje-musical\/\" data-type=\"page\" data-id=\"2756\">Audici\u00f3n para el ingreso FAPIC Tango (M\u00fasica)<\/a><\/strong><\/li>\n\n\n\n<li><strong><a href=\"https:\/\/ispm-sfe.infd.edu.ar\/sitio\/fapic-tango\/fapic-tango-fecha-examen\/\" data-type=\"page\" data-id=\"3332\">Fecha de examen<\/a><\/strong><\/li>\n<\/ul>\n","protected":false},"excerpt":{"rendered":"<p>Las preinscripciones para el CICLO 2026 inician el 22\/11\/2025 Formaci\u00f3n Art\u00edstica para las Industrias Culturales en Tango &#8211; P\u00e1gina en construcci\u00f3n La informaci\u00f3n de esta p\u00e1gina corresponde a la FAPIC en Tango. Para informaci\u00f3n referida al Profesorado de M\u00fasica, presione sobr el el enlace que est\u00e1 en el texto anterior. La FAPIC en Tango constituye &#8230; <a title=\"FAPIC Tango\" class=\"read-more\" href=\"https:\/\/ispm-sfe.infd.edu.ar\/sitio\/fapic-tango\/\" aria-label=\"More on FAPIC Tango\">[+]<\/a><\/p>\n","protected":false},"author":729,"featured_media":0,"parent":0,"menu_order":0,"comment_status":"closed","ping_status":"closed","template":"","meta":[],"acf":[],"_links":{"self":[{"href":"https:\/\/ispm-sfe.infd.edu.ar\/sitio\/wp-json\/wp\/v2\/pages\/2726"}],"collection":[{"href":"https:\/\/ispm-sfe.infd.edu.ar\/sitio\/wp-json\/wp\/v2\/pages"}],"about":[{"href":"https:\/\/ispm-sfe.infd.edu.ar\/sitio\/wp-json\/wp\/v2\/types\/page"}],"author":[{"embeddable":true,"href":"https:\/\/ispm-sfe.infd.edu.ar\/sitio\/wp-json\/wp\/v2\/users\/729"}],"replies":[{"embeddable":true,"href":"https:\/\/ispm-sfe.infd.edu.ar\/sitio\/wp-json\/wp\/v2\/comments?post=2726"}],"version-history":[{"count":16,"href":"https:\/\/ispm-sfe.infd.edu.ar\/sitio\/wp-json\/wp\/v2\/pages\/2726\/revisions"}],"predecessor-version":[{"id":3741,"href":"https:\/\/ispm-sfe.infd.edu.ar\/sitio\/wp-json\/wp\/v2\/pages\/2726\/revisions\/3741"}],"wp:attachment":[{"href":"https:\/\/ispm-sfe.infd.edu.ar\/sitio\/wp-json\/wp\/v2\/media?parent=2726"}],"curies":[{"name":"wp","href":"https:\/\/api.w.org\/{rel}","templated":true}]}}