{"id":2079,"date":"2022-11-01T15:44:25","date_gmt":"2022-11-01T18:44:25","guid":{"rendered":"https:\/\/ispm-sfe.infd.edu.ar\/sitio\/?page_id=2079"},"modified":"2026-02-21T12:48:15","modified_gmt":"2026-02-21T15:48:15","slug":"orquesta-de-tango-del-guastavino","status":"publish","type":"page","link":"https:\/\/ispm-sfe.infd.edu.ar\/sitio\/orquesta-de-tango-del-guastavino\/","title":{"rendered":"Orquesta de Tango del Guastavino"},"content":{"rendered":"\n<figure class=\"wp-block-image size-large\"><img decoding=\"async\" loading=\"lazy\" width=\"1900\" height=\"504\" src=\"https:\/\/ispm-sfe.infd.edu.ar\/sitio\/wp-content\/uploads\/2021\/04\/logo_versiones_orquesta-01-1900x504.png\" alt=\"Orquesta de Tango del Guastavino\" class=\"wp-image-1684\" srcset=\"https:\/\/ispm-sfe.infd.edu.ar\/sitio\/wp-content\/uploads\/2021\/04\/logo_versiones_orquesta-01-1900x504.png 1900w, https:\/\/ispm-sfe.infd.edu.ar\/sitio\/wp-content\/uploads\/2021\/04\/logo_versiones_orquesta-01-1000x265.png 1000w, https:\/\/ispm-sfe.infd.edu.ar\/sitio\/wp-content\/uploads\/2021\/04\/logo_versiones_orquesta-01-768x204.png 768w\" sizes=\"(max-width: 1900px) 100vw, 1900px\" \/><\/figure>\n\n\n\n<h2 class=\"wp-block-heading\">Ciclo 2026<\/h2>\n\n\n\n<p>Audiciones para <strong>Viol\u00edn, Piano y Bandone\u00f3n<\/strong> &#8211; Ciclo 2026 &#8211; Formaci\u00f3n Art\u00edstica Vocacional en Orquesta T\u00edpica de Tango.<\/p>\n\n\n\n<p>Fechas de audici\u00f3n:<\/p>\n\n\n\n<ul>\n<li><strong>Mi\u00e9rcoles 11 de marzo de 2026<\/strong> a las 14 hs &#8211; Viol\u00edn, Piano y Bandone\u00f3n &#8211; (Anexo del ISPM &#8211; Santa Fe 1429 &#8211; Rosario).<\/li>\n<\/ul>\n\n\n\n<p>Ten\u00e9s tiempo para completar y enviar la solicitud <strong>hasta el 09 de marzo de 2026<\/strong>.<\/p>\n\n\n\n<p>Para audicionar, en necesario que nos env\u00edes un correo electr\u00f3nico a  la direcci\u00f3n que figura al final de esta informaci\u00f3n antes de la fecha l\u00edmite de inscripci\u00f3n conteniendo los siguientes datos:<\/p>\n\n\n\n<pre class=\"wp-block-verse\">ASUNTO: INSCRIPCI\u00d3N Audici\u00f3n Orquesta de Tango del Guastavino Ciclo 2026\n-\n[Cuerpo del mensaje]\nPor la presente solicito inscribirme para la audici\u00f3n de la Orquesta de Tango del Guastavino para el ciclo 2026\nINSTRUMENTO\nAPELLIDO, Nombres\nDNI\nCelular\nCorreo Electr\u00f3nico<\/pre>\n\n\n\n<hr class=\"wp-block-separator has-css-opacity\"\/>\n\n\n\n<p>El contenido de la audici\u00f3n ser\u00e1 el siguiente:<br><\/p>\n\n\n\n<p><strong>Para las\/los\/les cuerdistas \/ pianistas \/ bandoneonistas:<\/strong><br>\u2022 Una obra a libre elecci\u00f3n, que no supere los 10 minutos de duraci\u00f3n. No es necesario que sea del g\u00e9nero tango. En el caso de elegir una sonata, suite o concierto, solo interpretar un movimiento.<br>\u2022 Extractos orquestales que ser\u00e1n enviados v\u00eda mail una vez inscriptos<br>Es obligatorio tocar tanto la obra a elecci\u00f3n como los extractos orquestales.<\/p>\n\n\n\n<p>Remarcamos que la orquesta trabaja coordinadamente con el espacio curricular Pr\u00e1ctica de Conjunto del Profesorado de M\u00fasica. Por este motivo, <strong>se dar\u00e1 prioridad a estudiantes del Guastavino para el ingreso<\/strong>. <\/p>\n\n\n\n<p>Los <strong>ensayos<\/strong> de la Orquesta de Tango del Guastavino ser\u00e1n los d\u00edas mi\u00e9rcoles de 14 a 16:40 hs en el Anexo del ISPM, calle Santa Fe 1429, por lo que <strong>es requisito tener disponibilidad en ese horario<\/strong>. A esto se sumar\u00e1n ensayos parciales en horarios y fechas a determinar.<\/p>\n\n\n\n<p><strong>Fecha de audici\u00f3n<\/strong><\/p>\n\n\n\n<ul>\n<li>Ver m\u00e1s arriba.<\/li>\n<\/ul>\n\n\n\n<p>Para informes e inscripci\u00f3n no dudes en escribirnos al correo electr\u00f3nico tango@ispmguastavino.edu.ar<\/p>\n","protected":false},"excerpt":{"rendered":"<p>Ciclo 2026 Audiciones para Viol\u00edn, Piano y Bandone\u00f3n &#8211; Ciclo 2026 &#8211; Formaci\u00f3n Art\u00edstica Vocacional en Orquesta T\u00edpica de Tango. Fechas de audici\u00f3n: Ten\u00e9s tiempo para completar y enviar la solicitud hasta el 09 de marzo de 2026. Para audicionar, en necesario que nos env\u00edes un correo electr\u00f3nico a la direcci\u00f3n que figura al final &#8230; <a title=\"Orquesta de Tango del Guastavino\" class=\"read-more\" href=\"https:\/\/ispm-sfe.infd.edu.ar\/sitio\/orquesta-de-tango-del-guastavino\/\" aria-label=\"More on Orquesta de Tango del Guastavino\">[+]<\/a><\/p>\n","protected":false},"author":729,"featured_media":0,"parent":0,"menu_order":0,"comment_status":"closed","ping_status":"closed","template":"","meta":[],"acf":[],"_links":{"self":[{"href":"https:\/\/ispm-sfe.infd.edu.ar\/sitio\/wp-json\/wp\/v2\/pages\/2079"}],"collection":[{"href":"https:\/\/ispm-sfe.infd.edu.ar\/sitio\/wp-json\/wp\/v2\/pages"}],"about":[{"href":"https:\/\/ispm-sfe.infd.edu.ar\/sitio\/wp-json\/wp\/v2\/types\/page"}],"author":[{"embeddable":true,"href":"https:\/\/ispm-sfe.infd.edu.ar\/sitio\/wp-json\/wp\/v2\/users\/729"}],"replies":[{"embeddable":true,"href":"https:\/\/ispm-sfe.infd.edu.ar\/sitio\/wp-json\/wp\/v2\/comments?post=2079"}],"version-history":[{"count":19,"href":"https:\/\/ispm-sfe.infd.edu.ar\/sitio\/wp-json\/wp\/v2\/pages\/2079\/revisions"}],"predecessor-version":[{"id":3775,"href":"https:\/\/ispm-sfe.infd.edu.ar\/sitio\/wp-json\/wp\/v2\/pages\/2079\/revisions\/3775"}],"wp:attachment":[{"href":"https:\/\/ispm-sfe.infd.edu.ar\/sitio\/wp-json\/wp\/v2\/media?parent=2079"}],"curies":[{"name":"wp","href":"https:\/\/api.w.org\/{rel}","templated":true}]}}