{"id":2026,"date":"2022-10-13T15:25:05","date_gmt":"2022-10-13T18:25:05","guid":{"rendered":"https:\/\/ispm-sfe.infd.edu.ar\/sitio\/?page_id=2026"},"modified":"2022-10-27T17:26:45","modified_gmt":"2022-10-27T20:26:45","slug":"encuentros-musicales-proximos","status":"publish","type":"page","link":"https:\/\/ispm-sfe.infd.edu.ar\/sitio\/encuentros-musicales-proximos\/","title":{"rendered":"Encuentros Musicales Pr\u00f3ximos"},"content":{"rendered":"\n<p>M\u00e1s abajo, en este espacio, podr\u00e1s ver el programa \/ obras de Encuentros Musicales que se desarrollar\u00e1n m\u00e1s adelante. Tambi\u00e9n es posible <strong><a href=\"https:\/\/ispm-sfe.infd.edu.ar\/sitio\/encuentros-musicales-anteriores\/\">acceder al programa de encuentros anteriores<\/a><\/strong> (pod\u00e9s hacer clic en el enlace que est\u00e1 en el texto anterior para esto \u00faltimo) o al que se desarrollar\u00e1 actualmente.<\/p>\n\n\n\n<div class=\"wp-block-columns is-layout-flex wp-container-3\">\n<div class=\"wp-block-column is-layout-flow\">\n<figure class=\"wp-block-image size-large is-resized\"><img decoding=\"async\" loading=\"lazy\" src=\"https:\/\/ispm-sfe.infd.edu.ar\/sitio\/wp-content\/uploads\/2022\/10\/Logo-G15-negro.png\" alt=\"\" class=\"wp-image-2045\" width=\"118\" height=\"104\"\/><\/figure>\n\n\n\n<p><\/p>\n<\/div>\n\n\n\n<div class=\"wp-block-column is-vertically-aligned-top is-layout-flow\">\n<figure class=\"wp-block-image size-large is-resized\"><img decoding=\"async\" loading=\"lazy\" src=\"https:\/\/ispm-sfe.infd.edu.ar\/sitio\/wp-content\/uploads\/2022\/09\/sea-negro-con-textoPQ.png\" alt=\"\" class=\"wp-image-2009\" width=\"161\" height=\"89\"\/><\/figure>\n\n\n\n<p><\/p>\n<\/div>\n<\/div>\n\n\n\n<h2 class=\"wp-block-heading\">Muestra colectiva<\/h2>\n\n\n\n<h4 class=\"wp-block-heading\">Percusi\u00f3n Latinoamericana, Ensambles sobre r\u00edtmicas argentinas y latinoamericanas, Canto Colectivo, Danzas folcl\u00f3ricas, Teatro.<\/h4>\n\n\n\n<ul><li><strong>\u201cResistencias colectivas\u2026 somos semilla\u201d<\/strong><br><em>Intervenci\u00f3n art\u00edstica 1\u00ba G3<\/em><\/li><li><strong>\u201cCandombe litorale\u00f1o\u201d<\/strong><br><em>Canto Colectivo 2\u00ba G1, Ensambles: 4\u00baG1,G2,G3.<\/em><\/li><li><strong>\u201cLa carimba\u201d<\/strong><br>Zamacueca y Land\u00f3<br><em>Canto colectivo 1\u00ba G1 y G2, Percusi\u00f3n 1\u00ba a\u00f1o<\/em><\/li><li><strong>Samba reggae<\/strong><br><strong>Samba enredo<\/strong><br><em>Percusi\u00f3n 2\u00b0 a\u00f1o y 3ero<\/em><\/li><li><strong>\u00abMoro na Ro\u00e7a\u00bb<\/strong><br><strong>\u00abOirer\u00e9 Oirar\u00e1\u00bb<\/strong><br><em>Percusi\u00f3n 2\u00ba y 3\u00ba, Canto colectivo 3\u00ba G3<\/em><\/li><li><strong>\u201cRey Mago de las nubes\u201d<\/strong><br><em>Canto colectivo 1\u00ba G1 y G2<\/em><br>Guitarra: Gonzalo Miranda<\/li><li><strong>\u00abEl Chiriguare\u00bb<\/strong><br><em>Canto Colectivo 2\u00b0 G3<\/em><\/li><li><strong>\u201cOfreciendo un coraz\u00f3n\u201d<\/strong>\u2026 versiones gateadas<br><em>Danza folcl\u00f3rica y teatro 4\u00baG3<\/em><\/li><li><strong>\u201cYo toco solo bombo\u201d<\/strong> Chacarera<br><em>Percusi\u00f3n 1\u00ba, Canto colectivo 1\u00baG1 y G2, Danza folcl\u00f3rica 4\u00baG1 y G2<\/em><\/li><li><strong>\u201cCandombe porte\u00f1o\u201d<\/strong><br><em>Percusi\u00f3n 4\u00ba a\u00f1o<\/em><\/li><li><strong>\u201cA primera vista\u201d<\/strong><br><em>Canto colectivo 2\u00baG1 y G2<\/em>. Guitarra: Alexis Vitantonio<\/li><li><strong>\u201cMulata chancletera\u201d<\/strong><br><em>Canto Colectivo 3\u00b0 G3<\/em><br>Guitarra: Fran Esperanza<br>Egresades percusi\u00f3n y 4\u00ba a\u00f1o<\/li><li><strong>Cierre colectivo<\/strong><\/li><\/ul>\n\n\n\n<p><\/p>\n\n\n\n<hr class=\"wp-block-separator\"\/>\n\n\n\n<h5 class=\"wp-block-heading\" id=\"block-486410c3-2526-4d55-a91b-c77e23875bcd\">Mi\u00e9rcoles 19 de octubre de 2022, 15hs<br>Centro N\u00ba2014 Luis Braille &#8211; <em>Espa\u00f1a 528<\/em> &#8211; Rosario<\/h5>\n\n\n\n<div class=\"wp-block-columns is-layout-flex wp-container-7\">\n<div class=\"wp-block-column is-layout-flow\">\n<p class=\"has-text-align-center\"><br><strong>CENTRO N\u00ba2014<br>LUIS BRAILLE <br>ROSARIO<\/strong><br>www.centrobraille.com.ar<\/p>\n<\/div>\n\n\n\n<div class=\"wp-block-column is-vertically-aligned-top is-layout-flow\">\n<figure class=\"wp-block-image size-large is-resized\"><img decoding=\"async\" loading=\"lazy\" src=\"https:\/\/ispm-sfe.infd.edu.ar\/sitio\/wp-content\/uploads\/2022\/09\/Gustavino-Nuevo-2019NegPQ.png\" alt=\"\" class=\"wp-image-2007\" width=\"158\" height=\"100\"\/><\/figure>\n\n\n\n<p><\/p>\n<\/div>\n\n\n\n<div class=\"wp-block-column is-vertically-aligned-top is-layout-flow\">\n<figure class=\"wp-block-image size-large is-resized\"><img decoding=\"async\" loading=\"lazy\" src=\"https:\/\/ispm-sfe.infd.edu.ar\/sitio\/wp-content\/uploads\/2022\/09\/sea-negro-con-textoPQ.png\" alt=\"\" class=\"wp-image-2009\" width=\"161\" height=\"89\"\/><\/figure>\n\n\n\n<p><\/p>\n<\/div>\n<\/div>\n\n\n\n<ul><li><strong>\u00abSi me voy antes que vos\u00bb<\/strong> (J. Ross)<br>Julieta LLasen (canto popular Prof. Zanetti)<br>Marcos Zanetti (guitarra)<\/li><li><strong>\u00abTe abrac\u00e9 en la noche\u00bb <\/strong>(F.Cabrera)<br>Cristian Pagura y Julieta Llansen (canto popular prof. Zanetti)<br>Marcos Zanetti (guitarra)<\/li><li><strong>\u00abWave\u00bb<\/strong> (T. Jobim)<br>Barbara Bolognese (canto popular prof. Zanetti)<br>Marcos Zanetti (guitarra)<\/li><li><strong>\u00abVolver a los 17\u00bb<\/strong> (V. Parra)<br>Barbara Bolognese (canto popular prof. Zanetti)<br>Marcos Zanetti (guitarra)<\/li><li>\u00ab<strong>Ni\u00f1o can\u00edbal<\/strong>\u00bb (L. Pescetti)<br>Facundo La Vega (piano complementario prof. Abecasis)<\/li><li><strong>Gymnopedie n\u00b0 1<\/strong> (E. Satie)<br>Lautaro Bondarew (piano complementario prof. Poirier)<\/li><li><strong>Milonga de 24 piezas sudamericanas<\/strong> (J. Cardozo)<br>Emiliano Beauvais (guitarra prof. Mattar)<\/li><li><strong>Pascual<\/strong> (P. Ferrer)<br>Emiliano Beauvais (guitarra prof. Mattar)<\/li><li><strong>Allegro de la sonatina N\u00b0 2<\/strong> (M. Clementi)<br>Pyry Ihonen (piano prof. Abecasis)<\/li><li><strong>Notturno<\/strong> (E. Grieg)<br>Valentina Da Silva Alves (piano prof. Abecasis)<\/li><li><strong>Milonga del \u00e1ngel<\/strong> (A. Piazzolla)<br>Nahuel Rojas (piano prof. Abecasis)<\/li><\/ul>\n\n\n\n<h5 class=\"wp-block-heading\">\u201c<strong>Canto al Humedal\u201d<\/strong><\/h5>\n\n\n\n<p>Espacio curricular <em>Instrumento elegido Canto Popular,<\/em> Prof: M. Florencia Sorrequieta<\/p>\n\n\n\n<ul><li>\u00ab<strong>Puente Pexoa<\/strong>\u00bb (A. Nelli &#8211; T. Cocomarola)<br>Anabella Lis Malvicino y Facundo Leonel La Vega (voz) , Tania Castillo (acorde\u00f3n), M.Florencia Sorrequieta (piano)<\/li><li>\u00ab<strong>All\u00e1 por las tardes<\/strong>\u00bb (T. Parodi)<br>Anabella Lis Malvicino (voz), Tania Castillo (acorde\u00f3n), M.Florencia Sorrequieta (caj\u00f3n peruano)<\/li><li>\u00ab<strong>Se fueron yendo<\/strong>\u00bb (G. Lugrin)<br>Facundo Leonel La Vega (voz), Tania Castillo (acorde\u00f3n), M.Florencia Sorrequieta (piano)<\/li><li>\u00ab<strong>Coplas al Humedal<\/strong>\u00bb Jorgelina Sorrequieta (Copla)<br>Cierre colectivo, voces y caja chayera.<\/li><\/ul>\n","protected":false},"excerpt":{"rendered":"<p>M\u00e1s abajo, en este espacio, podr\u00e1s ver el programa \/ obras de Encuentros Musicales que se desarrollar\u00e1n m\u00e1s adelante. Tambi\u00e9n es posible acceder al programa de encuentros anteriores (pod\u00e9s hacer clic en el enlace que est\u00e1 en el texto anterior para esto \u00faltimo) o al que se desarrollar\u00e1 actualmente. Mi\u00e9rcoles 19 de octubre de 2022, &#8230; <a title=\"Encuentros Musicales Pr\u00f3ximos\" class=\"read-more\" href=\"https:\/\/ispm-sfe.infd.edu.ar\/sitio\/encuentros-musicales-proximos\/\" aria-label=\"More on Encuentros Musicales Pr\u00f3ximos\">[+]<\/a><\/p>\n","protected":false},"author":729,"featured_media":0,"parent":0,"menu_order":0,"comment_status":"closed","ping_status":"closed","template":"","meta":[],"acf":[],"_links":{"self":[{"href":"https:\/\/ispm-sfe.infd.edu.ar\/sitio\/wp-json\/wp\/v2\/pages\/2026"}],"collection":[{"href":"https:\/\/ispm-sfe.infd.edu.ar\/sitio\/wp-json\/wp\/v2\/pages"}],"about":[{"href":"https:\/\/ispm-sfe.infd.edu.ar\/sitio\/wp-json\/wp\/v2\/types\/page"}],"author":[{"embeddable":true,"href":"https:\/\/ispm-sfe.infd.edu.ar\/sitio\/wp-json\/wp\/v2\/users\/729"}],"replies":[{"embeddable":true,"href":"https:\/\/ispm-sfe.infd.edu.ar\/sitio\/wp-json\/wp\/v2\/comments?post=2026"}],"version-history":[{"count":9,"href":"https:\/\/ispm-sfe.infd.edu.ar\/sitio\/wp-json\/wp\/v2\/pages\/2026\/revisions"}],"predecessor-version":[{"id":2068,"href":"https:\/\/ispm-sfe.infd.edu.ar\/sitio\/wp-json\/wp\/v2\/pages\/2026\/revisions\/2068"}],"wp:attachment":[{"href":"https:\/\/ispm-sfe.infd.edu.ar\/sitio\/wp-json\/wp\/v2\/media?parent=2026"}],"curies":[{"name":"wp","href":"https:\/\/api.w.org\/{rel}","templated":true}]}}