{"id":1461,"date":"2020-02-27T22:34:13","date_gmt":"2020-02-28T01:34:13","guid":{"rendered":"https:\/\/ispm-sfe.infd.edu.ar\/sitio\/?page_id=1461"},"modified":"2020-02-27T22:34:13","modified_gmt":"2020-02-28T01:34:13","slug":"adscripciones","status":"publish","type":"page","link":"https:\/\/ispm-sfe.infd.edu.ar\/sitio\/adscripciones\/","title":{"rendered":"Adscripciones"},"content":{"rendered":"<p>Para realizar las adscripciones deber\u00e1 completar una <a href=\"https:\/\/docs.google.com\/document\/d\/1s-UgMmerb8iDiGjlAr56ZKPV2eyfwmj4DuanAUVkqDI\/edit?usp=sharing\"><strong>carta de solicitud modelo<\/strong><\/a> y traerla impresa a la instituci\u00f3n junto con la documentaci\u00f3n que se solicita (se encuentra en el texto de la carta modelo).<\/p>\n<p>&nbsp;<\/p>\n","protected":false},"excerpt":{"rendered":"<p>Para realizar las adscripciones deber\u00e1 completar una carta de solicitud modelo y traerla impresa a la instituci\u00f3n junto con la documentaci\u00f3n que se solicita (se encuentra en el texto de la carta modelo). &nbsp;<\/p>\n","protected":false},"author":729,"featured_media":0,"parent":0,"menu_order":0,"comment_status":"closed","ping_status":"closed","template":"","meta":[],"acf":[],"_links":{"self":[{"href":"https:\/\/ispm-sfe.infd.edu.ar\/sitio\/wp-json\/wp\/v2\/pages\/1461"}],"collection":[{"href":"https:\/\/ispm-sfe.infd.edu.ar\/sitio\/wp-json\/wp\/v2\/pages"}],"about":[{"href":"https:\/\/ispm-sfe.infd.edu.ar\/sitio\/wp-json\/wp\/v2\/types\/page"}],"author":[{"embeddable":true,"href":"https:\/\/ispm-sfe.infd.edu.ar\/sitio\/wp-json\/wp\/v2\/users\/729"}],"replies":[{"embeddable":true,"href":"https:\/\/ispm-sfe.infd.edu.ar\/sitio\/wp-json\/wp\/v2\/comments?post=1461"}],"version-history":[{"count":1,"href":"https:\/\/ispm-sfe.infd.edu.ar\/sitio\/wp-json\/wp\/v2\/pages\/1461\/revisions"}],"predecessor-version":[{"id":1462,"href":"https:\/\/ispm-sfe.infd.edu.ar\/sitio\/wp-json\/wp\/v2\/pages\/1461\/revisions\/1462"}],"wp:attachment":[{"href":"https:\/\/ispm-sfe.infd.edu.ar\/sitio\/wp-json\/wp\/v2\/media?parent=1461"}],"curies":[{"name":"wp","href":"https:\/\/api.w.org\/{rel}","templated":true}]}}